{"id":760,"date":"2018-09-26T13:18:02","date_gmt":"2018-09-26T12:18:02","guid":{"rendered":"https:\/\/wctt.pwr.edu.pl\/?page_id=760"},"modified":"2019-02-26T10:17:54","modified_gmt":"2019-02-26T09:17:54","slug":"wystawa-7pr","status":"publish","type":"page","link":"https:\/\/wctt.pwr.edu.pl\/en\/projekty\/hpk\/sukcesy-rpk\/wystawa-7pr\/","title":{"rendered":"Exhibition of FP7"},"content":{"rendered":"<p><strong>&#8220;Dolno\u015bl\u0105zacy w mi\u0119dzynarodowych projektach badawczych&#8221;<\/strong><\/p>\n<p>W 2013 roku zorganizowali\u015bmy wystaw\u0119 \u201eDolno\u015bl\u0105zacy w mi\u0119dzynarodowych projektach badawczych\u201d, kt\u00f3ra by\u0142a podsumowaniem uczestnictwa naukowc\u00f3w i przedsi\u0119biorc\u00f3w z regionu w projektach 7. Programu Ramowego, a tak\u017ce jednocze\u015bnie zach\u0119t\u0105 do udzia\u0142u w programie Horyzont 2020.<\/p>\n<p>Bohaterowie wystawy wywodzili si\u0119 z r\u00f3\u017cnych uczelni tj. z Politechniki Wroc\u0142awskiej (11), Uniwersytetu Wroc\u0142awskiego (6), Uniwersytetu Medycznego (3), Wojskowego Instytutu Techniki In\u017cynieryjnej (1) oraz 5 przedsi\u0119biorstw.<br \/>\nWystaw\u0119, prezentuj\u0105c\u0105 prace badawcze finansowane ze \u015brodk\u00f3w 7. Programu Ramowego, mo\u017cna by\u0142o zobaczy\u0107 na wroc\u0142awskim Rynku, lotnisku im. Miko\u0142aja Kopernika oraz Politechnice Wroc\u0142awskiej.<\/p>\n","protected":false},"excerpt":{"rendered":"<p>&#8220;Dolno\u015bl\u0105zacy w mi\u0119dzynarodowych projektach badawczych&#8221; W 2013 roku zorganizowali\u015bmy wystaw\u0119 \u201eDolno\u015bl\u0105zacy w mi\u0119dzynarodowych projektach badawczych\u201d, kt\u00f3ra by\u0142a podsumowaniem uczestnictwa naukowc\u00f3w i przedsi\u0119biorc\u00f3w z regionu w projektach 7. Programu Ramowego, a tak\u017ce jednocze\u015bnie zach\u0119t\u0105 do udzia\u0142u w programie Horyzont 2020. Bohaterowie wystawy wywodzili si\u0119 z r\u00f3\u017cnych uczelni tj. z Politechniki Wroc\u0142awskiej (11), Uniwersytetu Wroc\u0142awskiego (6), Uniwersytetu<\/p>\n","protected":false},"author":47,"featured_media":0,"parent":754,"menu_order":0,"comment_status":"closed","ping_status":"closed","template":"page-templates\/wystawa-rpk-page-template.php","meta":{"inline_featured_image":false,"_uag_custom_page_level_css":"","footnotes":""},"class_list":["post-760","page","type-page","status-publish","hentry"],"acf":[],"uagb_featured_image_src":{"full":false,"thumbnail":false,"medium":false,"medium_large":false,"large":false,"1536x1536":false,"2048x2048":false},"uagb_author_info":{"display_name":"Magdalena Kasza","author_link":"https:\/\/wctt.pwr.edu.pl\/en\/author\/magkas\/"},"uagb_comment_info":0,"uagb_excerpt":"&#8220;Dolno\u015bl\u0105zacy w mi\u0119dzynarodowych projektach badawczych&#8221; W 2013 roku zorganizowali\u015bmy wystaw\u0119 \u201eDolno\u015bl\u0105zacy w mi\u0119dzynarodowych projektach badawczych\u201d, kt\u00f3ra by\u0142a podsumowaniem uczestnictwa naukowc\u00f3w i przedsi\u0119biorc\u00f3w z regionu w projektach 7. Programu Ramowego, a tak\u017ce jednocze\u015bnie zach\u0119t\u0105 do udzia\u0142u w programie Horyzont 2020. Bohaterowie wystawy wywodzili si\u0119 z r\u00f3\u017cnych uczelni tj. z Politechniki Wroc\u0142awskiej (11), Uniwersytetu Wroc\u0142awskiego (6), Uniwersytetu","publishpress_future_action":{"enabled":false,"date":"2026-04-11 13:36:49","action":"change-status","newStatus":"draft","terms":[],"taxonomy":"","extraData":[]},"publishpress_future_workflow_manual_trigger":{"enabledWorkflows":[]},"_links":{"self":[{"href":"https:\/\/wctt.pwr.edu.pl\/en\/wp-json\/wp\/v2\/pages\/760","targetHints":{"allow":["GET"]}}],"collection":[{"href":"https:\/\/wctt.pwr.edu.pl\/en\/wp-json\/wp\/v2\/pages"}],"about":[{"href":"https:\/\/wctt.pwr.edu.pl\/en\/wp-json\/wp\/v2\/types\/page"}],"author":[{"embeddable":true,"href":"https:\/\/wctt.pwr.edu.pl\/en\/wp-json\/wp\/v2\/users\/47"}],"replies":[{"embeddable":true,"href":"https:\/\/wctt.pwr.edu.pl\/en\/wp-json\/wp\/v2\/comments?post=760"}],"version-history":[{"count":9,"href":"https:\/\/wctt.pwr.edu.pl\/en\/wp-json\/wp\/v2\/pages\/760\/revisions"}],"predecessor-version":[{"id":35687,"href":"https:\/\/wctt.pwr.edu.pl\/en\/wp-json\/wp\/v2\/pages\/760\/revisions\/35687"}],"up":[{"embeddable":true,"href":"https:\/\/wctt.pwr.edu.pl\/en\/wp-json\/wp\/v2\/pages\/754"}],"wp:attachment":[{"href":"https:\/\/wctt.pwr.edu.pl\/en\/wp-json\/wp\/v2\/media?parent=760"}],"curies":[{"name":"wp","href":"https:\/\/api.w.org\/{rel}","templated":true}]}}