{"id":756,"date":"2018-09-26T13:16:01","date_gmt":"2018-09-26T12:16:01","guid":{"rendered":"https:\/\/wctt.pwr.edu.pl\/?page_id=756"},"modified":"2020-03-30T10:09:02","modified_gmt":"2020-03-30T08:09:02","slug":"wystawa-h2020","status":"publish","type":"page","link":"https:\/\/wctt.pwr.edu.pl\/en\/projekty\/hpk\/sukcesy-rpk\/wystawa-h2020\/","title":{"rendered":"Exhibition H2020"},"content":{"rendered":"<p><strong>Patrz w przysz\u0142o\u015b\u0107<\/strong><\/p>\n<p>&nbsp;<\/p>\n<p>W 2016 roku zorganizowali\u015bmy wystaw\u0119 \u201ePatrz w przysz\u0142o\u015b\u0107. Dolno\u015bl\u0105zacy w programie Horyzont 2020\u201d, po\u015bwi\u0119con\u0105 wybranym projektom programu Horyzont 2020, realizowanym przez naukowc\u00f3w i przedsi\u0119biorc\u00f3w z regionu.<\/p>\n<p>&nbsp;<\/p>\n<p>Wystaw\u0119 mo\u017cna by\u0142o zobaczy\u0107 we Wroc\u0142awiu: na deptaku przy ulicy Ku\u017aniczej, w holu Uniwersyteckiego Szpitala Klinicznego przy ulicy Borowskiej oraz w budynku A2 Uniwersytetu Przyrodniczego.<\/p>\n<p>&nbsp;<\/p>\n<p><img decoding=\"async\" class=\"aligncenter wp-image-757 size-full lazyload\" data-src=\"https:\/\/wctt.pwr.edu.pl\/wp-content\/uploads\/2018\/09\/sukcecy-rpk2.jpg\" alt=\"\" width=\"906\" height=\"566\" data-srcset=\"https:\/\/wctt.pwr.edu.pl\/wp-content\/uploads\/2018\/09\/sukcecy-rpk2.jpg 906w, https:\/\/wctt.pwr.edu.pl\/wp-content\/uploads\/2018\/09\/sukcecy-rpk2-300x187.jpg 300w, https:\/\/wctt.pwr.edu.pl\/wp-content\/uploads\/2018\/09\/sukcecy-rpk2-768x480.jpg 768w\" data-sizes=\"(max-width: 906px) 100vw, 906px\" src=\"data:image\/svg+xml;base64,PHN2ZyB3aWR0aD0iMSIgaGVpZ2h0PSIxIiB4bWxucz0iaHR0cDovL3d3dy53My5vcmcvMjAwMC9zdmciPjwvc3ZnPg==\" style=\"--smush-placeholder-width: 906px; --smush-placeholder-aspect-ratio: 906\/566;\" \/><\/p>","protected":false},"excerpt":{"rendered":"<p>Patrz w przysz\u0142o\u015b\u0107 &nbsp; W 2016 roku zorganizowali\u015bmy wystaw\u0119 \u201ePatrz w przysz\u0142o\u015b\u0107. Dolno\u015bl\u0105zacy w programie Horyzont 2020\u201d, po\u015bwi\u0119con\u0105 wybranym projektom programu Horyzont 2020, realizowanym przez naukowc\u00f3w i przedsi\u0119biorc\u00f3w z regionu. &nbsp; Wystaw\u0119 mo\u017cna by\u0142o zobaczy\u0107 we Wroc\u0142awiu: na deptaku przy ulicy Ku\u017aniczej, w holu Uniwersyteckiego Szpitala Klinicznego przy ulicy Borowskiej oraz w budynku A2 Uniwersytetu<\/p>\n","protected":false},"author":47,"featured_media":0,"parent":754,"menu_order":0,"comment_status":"closed","ping_status":"closed","template":"page-templates\/wystawa-rpk-page-template.php","meta":{"inline_featured_image":false,"_uag_custom_page_level_css":"","footnotes":""},"class_list":["post-756","page","type-page","status-publish","hentry"],"acf":[],"uagb_featured_image_src":{"full":false,"thumbnail":false,"medium":false,"medium_large":false,"large":false,"1536x1536":false,"2048x2048":false},"uagb_author_info":{"display_name":"Magdalena Kasza","author_link":"https:\/\/wctt.pwr.edu.pl\/en\/author\/magkas\/"},"uagb_comment_info":0,"uagb_excerpt":"Patrz w przysz\u0142o\u015b\u0107 &nbsp; W 2016 roku zorganizowali\u015bmy wystaw\u0119 \u201ePatrz w przysz\u0142o\u015b\u0107. Dolno\u015bl\u0105zacy w programie Horyzont 2020\u201d, po\u015bwi\u0119con\u0105 wybranym projektom programu Horyzont 2020, realizowanym przez naukowc\u00f3w i przedsi\u0119biorc\u00f3w z regionu. &nbsp; Wystaw\u0119 mo\u017cna by\u0142o zobaczy\u0107 we Wroc\u0142awiu: na deptaku przy ulicy Ku\u017aniczej, w holu Uniwersyteckiego Szpitala Klinicznego przy ulicy Borowskiej oraz w budynku A2 Uniwersytetu","publishpress_future_action":{"enabled":false,"date":"2026-04-30 08:26:18","action":"change-status","newStatus":"draft","terms":[],"taxonomy":"","extraData":[]},"publishpress_future_workflow_manual_trigger":{"enabledWorkflows":[]},"_links":{"self":[{"href":"https:\/\/wctt.pwr.edu.pl\/en\/wp-json\/wp\/v2\/pages\/756","targetHints":{"allow":["GET"]}}],"collection":[{"href":"https:\/\/wctt.pwr.edu.pl\/en\/wp-json\/wp\/v2\/pages"}],"about":[{"href":"https:\/\/wctt.pwr.edu.pl\/en\/wp-json\/wp\/v2\/types\/page"}],"author":[{"embeddable":true,"href":"https:\/\/wctt.pwr.edu.pl\/en\/wp-json\/wp\/v2\/users\/47"}],"replies":[{"embeddable":true,"href":"https:\/\/wctt.pwr.edu.pl\/en\/wp-json\/wp\/v2\/comments?post=756"}],"version-history":[{"count":8,"href":"https:\/\/wctt.pwr.edu.pl\/en\/wp-json\/wp\/v2\/pages\/756\/revisions"}],"predecessor-version":[{"id":45226,"href":"https:\/\/wctt.pwr.edu.pl\/en\/wp-json\/wp\/v2\/pages\/756\/revisions\/45226"}],"up":[{"embeddable":true,"href":"https:\/\/wctt.pwr.edu.pl\/en\/wp-json\/wp\/v2\/pages\/754"}],"wp:attachment":[{"href":"https:\/\/wctt.pwr.edu.pl\/en\/wp-json\/wp\/v2\/media?parent=756"}],"curies":[{"name":"wp","href":"https:\/\/api.w.org\/{rel}","templated":true}]}}