{"id":714,"date":"2018-09-19T12:27:26","date_gmt":"2018-09-19T11:27:26","guid":{"rendered":"https:\/\/wctt.pwr.edu.pl\/?page_id=714"},"modified":"2021-08-02T10:01:37","modified_gmt":"2021-08-02T08:01:37","slug":"transfer-technologii","status":"publish","type":"page","link":"https:\/\/wctt.pwr.edu.pl\/en\/oferta-uslugi\/transfer-technologii\/","title":{"rendered":"Technology transfer"},"content":{"rendered":"<p><strong>Wspieramy transfer innowacji z nauki do przemys\u0142u poprzez kompleksow\u0105 obs\u0142ug\u0119 procesu komercjalizacji, promocj\u0119 rozwi\u0105za\u0144 technologicznych wypracowanych w \u015brodowisku naukowym oraz po\u015brednictwo mi\u0119dzy zespo\u0142ami naukowymi i firmami.<\/strong><br \/>\n<strong>Prowadzimy tak\u017ce doradztwo oraz specjalistyczne szkolenia dla \u015brodowiska naukowego w zakresie metod i sposob\u00f3w komercjalizacji.<\/strong><\/p>\n<p>&nbsp;<\/p>\n<p><a href=\"https:\/\/wctt.pwr.edu.pl\/pl\/admin\/stt-ot-list\/\"><img decoding=\"async\" class=\"alignnone wp-image-8096 lazyload\" data-src=\"https:\/\/wctt.pwr.edu.pl\/wp-content\/uploads\/2018\/12\/Button_B-EN.svg\" alt=\"\" width=\"290\" src=\"data:image\/svg+xml;base64,PHN2ZyB3aWR0aD0iMSIgaGVpZ2h0PSIxIiB4bWxucz0iaHR0cDovL3d3dy53My5vcmcvMjAwMC9zdmciPjwvc3ZnPg==\" \/><\/a><\/p>\n<h3>Szukasz nabywc\u00f3w dla wynik\u00f3w w\u0142asnych prac badawczych?<\/h3>\n<ul>\n<li>Dokonujemy analizy potencja\u0142u rynkowego i wyceny technologii.<\/li>\n<li>Pomagamy w ochronie prawnej rezultat\u00f3w prac badawczych.<\/li>\n<li>Poszukujemy nabywc\u00f3w technologii.<\/li>\n<li>Udzielamy wsparcia w ca\u0142ym procesie komercjalizacji technologii<\/li>\n<\/ul>\n<div class=\"inner-page-divider\"><\/div>\n<h3>Chcia\u0142by\u015b komercjalizowa\u0107 wyniki swoich prac badawczych poprzez w\u0142asn\u0105 dzia\u0142alno\u015b\u0107 gospodarcz\u0105?<\/h3>\n<ul>\n<li>Szkolimy i doradzamy w zakresie zak\u0142adania innowacyjnej firmy.<\/li>\n<li>Pomagamy w opracowaniu biznes planu.<\/li>\n<li>Pomagamy w poszukiwaniu \u017ar\u00f3de\u0142 finansowania dzia\u0142alno\u015bci gospodarczej.<\/li>\n<li>Prowadzimy doradztwo gospodarcze w okresie inkubacyjnym.<\/li>\n<li>Laureatom konkurs\u00f3w oferujemy wsparcie rzeczowe i finansowe.<\/li>\n<\/ul>\n<div class=\"inner-page-divider\"><\/div>\n<h3>Wykonujesz prace badawcze na zlecenie przemys\u0142u?<\/h3>\n<ul>\n<li>Promujemy rozwi\u0105zania technologiczne wypracowane na wroc\u0142awskich uczelniach.<\/li>\n<li>Po\u015bredniczymy mi\u0119dzy zespo\u0142ami naukowymi i firmami w zakresie bada\u0144 zamawianych.<\/li>\n<li>Pomagamy dotrze\u0107 do zespo\u0142\u00f3w naukowych wyspecjalizowanych w danej dziedzinie.<\/li>\n<\/ul>\n<div class=\"inner-page-divider\"><\/div>\n<h3>Naukowcom i doktorantom Politechniki Wroc\u0142awskiej oferujemy:<\/h3>\n<ul>\n<li>pomoc doradcz\u0105 na etapie planowania projekt\u00f3w badawczych w zakresie istniej\u0105cych potrzeb rynku,<\/li>\n<li>monitoring projekt\u00f3w badawczych i selekcj\u0119 powstaj\u0105cych rezultat\u00f3w,<\/li>\n<li>ocen\u0119 i warto\u015bciowanie rezultat\u00f3w badawczych poprzez analiz\u0119 mo\u017cliwych zastosowa\u0144, przewag konkurencyjnych,<br \/>\ngotowo\u015bci wdro\u017ceniowej, potencja\u0142u rynkowego,<\/li>\n<li>podnoszenie gotowo\u015bci wdro\u017ceniowej rezultat\u00f3w bada\u0144 (np. testy przedwdro\u017ceniowe, budowa prototyp\u00f3w, badania certyfikacyjne),<\/li>\n<li>poszukiwanie nabywc\u00f3w rezultat\u00f3w bada\u0144, w tym promocja oferty technologicznej w mediach, udzia\u0142 w targach bran\u017cowych,<\/li>\n<li>negocjacje warunk\u00f3w transakcyjnych z nabywcami technologii.<\/li>\n<\/ul>\n<div class=\"inner-page-divider\"><\/div>\n<h3>Przedsi\u0119biorcom oferujemy:<\/h3>\n<ul>\n<li>dost\u0119p do przejrzystej oferty badawczej i technologicznej PWr z wygodnym mechanizmem wyszukiwania bada\u0144, laboratori\u00f3w, technologii, patent\u00f3w oraz mo\u017cliwo\u015bci\u0105 bezpo\u015bredniego kontaktu z Punktem Kontaktowym dla przedsi\u0119biorstw,<\/li>\n<li>mo\u017cliwo\u015b\u0107 sk\u0142adania zapyta\u0144 i propozycji wsp\u00f3\u0142pracy,<\/li>\n<li>szybk\u0105 informacj\u0119 zwrotn\u0105,<\/li>\n<li>sprawnie prowadzone negocjacje biznesowe.<\/li>\n<\/ul>\n<p><\/p>","protected":false},"excerpt":{"rendered":"<p>Wspieramy transfer innowacji z nauki do przemys\u0142u poprzez kompleksow\u0105 obs\u0142ug\u0119 procesu komercjalizacji, promocj\u0119 rozwi\u0105za\u0144 technologicznych wypracowanych w \u015brodowisku naukowym oraz po\u015brednictwo mi\u0119dzy zespo\u0142ami naukowymi i firmami. Prowadzimy tak\u017ce doradztwo oraz specjalistyczne szkolenia dla \u015brodowiska naukowego w zakresie metod i sposob\u00f3w komercjalizacji. &nbsp; Szukasz nabywc\u00f3w dla wynik\u00f3w w\u0142asnych prac badawczych? Dokonujemy analizy potencja\u0142u rynkowego i wyceny<\/p>\n","protected":false},"author":47,"featured_media":0,"parent":700,"menu_order":0,"comment_status":"closed","ping_status":"closed","template":"page-templates\/offers-page-template.php","meta":{"inline_featured_image":false,"_uag_custom_page_level_css":"","footnotes":""},"class_list":["post-714","page","type-page","status-publish","hentry"],"acf":[],"uagb_featured_image_src":{"full":false,"thumbnail":false,"medium":false,"medium_large":false,"large":false,"1536x1536":false,"2048x2048":false},"uagb_author_info":{"display_name":"Magdalena Kasza","author_link":"https:\/\/wctt.pwr.edu.pl\/en\/author\/magkas\/"},"uagb_comment_info":0,"uagb_excerpt":"Wspieramy transfer innowacji z nauki do przemys\u0142u poprzez kompleksow\u0105 obs\u0142ug\u0119 procesu komercjalizacji, promocj\u0119 rozwi\u0105za\u0144 technologicznych wypracowanych w \u015brodowisku naukowym oraz po\u015brednictwo mi\u0119dzy zespo\u0142ami naukowymi i firmami. Prowadzimy tak\u017ce doradztwo oraz specjalistyczne szkolenia dla \u015brodowiska naukowego w zakresie metod i sposob\u00f3w komercjalizacji. &nbsp; Szukasz nabywc\u00f3w dla wynik\u00f3w w\u0142asnych prac badawczych? Dokonujemy analizy potencja\u0142u rynkowego i wyceny","publishpress_future_action":{"enabled":false,"date":"2026-04-29 09:37:06","action":"change-status","newStatus":"draft","terms":[],"taxonomy":"","extraData":[]},"publishpress_future_workflow_manual_trigger":{"enabledWorkflows":[]},"_links":{"self":[{"href":"https:\/\/wctt.pwr.edu.pl\/en\/wp-json\/wp\/v2\/pages\/714","targetHints":{"allow":["GET"]}}],"collection":[{"href":"https:\/\/wctt.pwr.edu.pl\/en\/wp-json\/wp\/v2\/pages"}],"about":[{"href":"https:\/\/wctt.pwr.edu.pl\/en\/wp-json\/wp\/v2\/types\/page"}],"author":[{"embeddable":true,"href":"https:\/\/wctt.pwr.edu.pl\/en\/wp-json\/wp\/v2\/users\/47"}],"replies":[{"embeddable":true,"href":"https:\/\/wctt.pwr.edu.pl\/en\/wp-json\/wp\/v2\/comments?post=714"}],"version-history":[{"count":46,"href":"https:\/\/wctt.pwr.edu.pl\/en\/wp-json\/wp\/v2\/pages\/714\/revisions"}],"predecessor-version":[{"id":49979,"href":"https:\/\/wctt.pwr.edu.pl\/en\/wp-json\/wp\/v2\/pages\/714\/revisions\/49979"}],"up":[{"embeddable":true,"href":"https:\/\/wctt.pwr.edu.pl\/en\/wp-json\/wp\/v2\/pages\/700"}],"wp:attachment":[{"href":"https:\/\/wctt.pwr.edu.pl\/en\/wp-json\/wp\/v2\/media?parent=714"}],"curies":[{"name":"wp","href":"https:\/\/api.w.org\/{rel}","templated":true}]}}