{"id":711,"date":"2018-09-19T12:25:57","date_gmt":"2018-09-19T11:25:57","guid":{"rendered":"https:\/\/wctt.pwr.edu.pl\/?page_id=711"},"modified":"2022-10-10T13:23:38","modified_gmt":"2022-10-10T11:23:38","slug":"miedzynarodowe-projekty-badawcze","status":"publish","type":"page","link":"https:\/\/wctt.pwr.edu.pl\/en\/oferta-uslugi\/miedzynarodowe-projekty-badawcze\/","title":{"rendered":"International research projects"},"content":{"rendered":"<p><strong>Od 1999 roku prowadzili\u015bmy Regionalny Punkt Kontaktowy Program\u00f3w Badawczych Unii Europejskiej (RPK), wspieraj\u0105c naukowc\u00f3w i przedsi\u0119biorc\u00f3w w uczestnictwie w europejskich projektach badawczych.<br \/>\n<\/strong><\/p>\n<p><em><strong>O<\/strong><strong>d 1 stycznia 2022 roku, wsp\u00f3lnie z Politechnik\u0105 \u015al\u0105sk\u0105, w ramach Horyzontalnego Puntu Kontaktowego regionu Polska Po\u0142udniowo-Zachodnia udzielamy\u00a0 konsultacji oraz \u015bwiadczymy us\u0142ugi wspieraj\u0105ce, kt\u00f3re maj\u0105 na celu zwi\u0119kszenie udzia\u0142u naukowc\u00f3w i badaczy z obszaru wojew\u00f3dztwa \u015bl\u0105skiego, opolskiego (obs\u0142uguje Politechnika \u015al\u0105ska) oraz wojew\u00f3dztwa dolno\u015bl\u0105skiego (obs\u0142uguje Politechnika Wroc\u0142awska) w konkursach oraz grantach finansowanych z programu Horyzont Europa. Dzielimy si\u0119 do\u015bwiadczeniem zdobytym podczas realizacji kilkudziesi\u0119ciu projekt\u00f3w Program\u00f3w Ramowych UE. Dzia\u0142alno\u015b\u0107 sieci Horyzontalnych Punkt\u00f3w Kontaktowych finansowana jest przez Narodowe Centrum Bada\u0144 i Rozwoju, a koordynowana przez Dzia\u0142 Krajowego Punktu Kontaktowego: <\/strong><\/em><a href=\"https:\/\/www.kpk.gov.pl\/horyzontalne-punkty-kontaktowe\">https:\/\/www.kpk.gov.pl\/horyzontalne-punkty-kontaktowe<\/a><\/p>\n<p>&nbsp;<\/p>\n<p><a href=\"https:\/\/wctt.pwr.edu.pl\/pl\/admin\/rpk-list\/\"><img decoding=\"async\" class=\"alignnone wp-image-8096 lazyload\" data-src=\"https:\/\/wctt.pwr.edu.pl\/wp-content\/uploads\/2018\/12\/Button_B-EN.svg\" alt=\"\" width=\"290\" src=\"data:image\/svg+xml;base64,PHN2ZyB3aWR0aD0iMSIgaGVpZ2h0PSIxIiB4bWxucz0iaHR0cDovL3d3dy53My5vcmcvMjAwMC9zdmciPjwvc3ZnPg==\" \/><\/a><\/p>\n<div class=\"inner-page-divider\"><\/div>\n<h3>Chcesz rozpocz\u0105\u0107 mi\u0119dzynarodow\u0105 wsp\u00f3\u0142prac\u0119<br \/>\nbadawcz\u0105 w\u00a0ramach Program\u00f3w Ramowych UE?<\/h3>\n<ul>\n<li>Udzielamy indywidualnych konsultacji.<\/li>\n<li>Pomagamy w\u00a0poszukiwaniu partner\u00f3w zagranicznych.<\/li>\n<li>Organizujemy szkolenia i\u00a0warsztaty.<\/li>\n<li>Pomagamy w\u00a0przygotowaniu i\u00a0sk\u0142adaniu wniosk\u00f3w.Z<\/li>\n<li>Pomagamy w\u00a0nale\u017cytym raportowaniu i\u00a0rozliczaniu projekt\u00f3w.<\/li>\n<\/ul>\n<p><strong>Od 1999 roku prowadzimy Regionalny Punkt Kontaktowy Program\u00f3w Badawczych Unii Europejskiej (RPK), wspieraj\u0105c naukowc\u00f3w i\u00a0przedsi\u0119biorc\u00f3w w\u00a0uczestnictwie w\u00a0europejskich projektach badawczych. Dzielimy si\u0119 do\u015bwiadczeniem zdobytym przez nas podczas realizacji kilkudziesi\u0119ciu projekt\u00f3w w\u00a0ramach Program\u00f3w Ramowych UE. W\u00a0strukturach RPK dzia\u0142a tak\u017ce Regionalne Centrum Informacji dla Naukowc\u00f3w (RCIN), kt\u00f3re wspiera mobilno\u015b\u0107 naukowc\u00f3w w\u00a0Europie.<\/strong><\/p>\n<p>&nbsp;<\/p>\n<p><a href=\"https:\/\/wctt.pwr.edu.pl\/pl\/admin\/rpk-list\/\"><img decoding=\"async\" class=\"alignnone wp-image-8096 lazyload\" data-src=\"https:\/\/wctt.pwr.edu.pl\/wp-content\/uploads\/2018\/12\/Button_B-EN.svg\" alt=\"\" width=\"290\" src=\"data:image\/svg+xml;base64,PHN2ZyB3aWR0aD0iMSIgaGVpZ2h0PSIxIiB4bWxucz0iaHR0cDovL3d3dy53My5vcmcvMjAwMC9zdmciPjwvc3ZnPg==\" \/><\/a><\/p>\n<div class=\"inner-page-divider\"><\/div>\n<h3>Chcesz rozpocz\u0105\u0107 mi\u0119dzynarodow\u0105 wsp\u00f3\u0142prac\u0119<br \/>\nbadawcz\u0105 w ramach programu Horyzont Europa?<\/h3>\n<ul>\n<li>Udzielamy indywidualnych konsultacji.<\/li>\n<li>Pomagamy w\u00a0poszukiwaniu partner\u00f3w zagranicznych.<\/li>\n<li>Organizujemy szkolenia i\u00a0warsztaty.<\/li>\n<li>Pomagamy w przygotowaniu i sk\u0142adaniu wniosk\u00f3w.<\/li>\n<li>Pomagamy w\u00a0nale\u017cytym raportowaniu i\u00a0rozliczaniu projekt\u00f3w.<\/li>\n<\/ul>\n<p><strong>Od 1999 roku prowadzimy Regionalny Punkt Kontaktowy Program\u00f3w Badawczych Unii Europejskiej (RPK), wspieraj\u0105c naukowc\u00f3w i\u00a0przedsi\u0119biorc\u00f3w w\u00a0uczestnictwie w\u00a0europejskich projektach badawczych. Dzielimy si\u0119 do\u015bwiadczeniem zdobytym przez nas podczas realizacji kilkudziesi\u0119ciu projekt\u00f3w w\u00a0ramach Program\u00f3w Ramowych UE. W\u00a0strukturach RPK dzia\u0142a tak\u017ce Regionalne Centrum Informacji dla Naukowc\u00f3w (RCIN), kt\u00f3re wspiera mobilno\u015b\u0107 naukowc\u00f3w w\u00a0Europie.<\/strong><\/p>\n<p>&nbsp;<\/p>\n<p><a href=\"https:\/\/wctt.pwr.edu.pl\/pl\/admin\/rpk-list\/\"><img decoding=\"async\" class=\"alignnone wp-image-8096 lazyload\" data-src=\"https:\/\/wctt.pwr.edu.pl\/wp-content\/uploads\/2018\/12\/Button_B-EN.svg\" alt=\"\" width=\"290\" src=\"data:image\/svg+xml;base64,PHN2ZyB3aWR0aD0iMSIgaGVpZ2h0PSIxIiB4bWxucz0iaHR0cDovL3d3dy53My5vcmcvMjAwMC9zdmciPjwvc3ZnPg==\" \/><\/a><\/p>\n<p>&nbsp;<\/p>\n<h3>Interesuj\u0105 Ci\u0119 sta\u017ce i\u00a0stypendia w\u00a0ramach Program\u00f3w Ramowych UE?<\/h3>\n<ul>\n<li>Stypendia. Wspieramy polskich naukowc\u00f3w w\u00a0pozyskaniu zagranicznych stypendi\u00f3w naukowych.<br \/>\n<a href=\"https:\/\/wctt.pwr.edu.pl\/pl\/stypendia\/\">Dowiedz si\u0119 wi\u0119cej<\/a><\/li>\n<li>Centrum Informacji EURAXESS. Wspieramy zagranicznych naukowc\u00f3w przebywaj\u0105cych na sta\u017cach w\u00a0Polsce oraz polskie<br \/>\ninstytucje naukowe przyjmuj\u0105ce zagranicznych badaczy.<\/li>\n<\/ul>\n<div class=\"inner-page-divider\"><\/div>\n<h3>Chcesz rozpocz\u0105\u0107 mi\u0119dzynarodow\u0105 wsp\u00f3\u0142prac\u0119<br \/>\nbadawcz\u0105 w\u00a0ramach Program\u00f3w Ramowych UE?<\/h3>\n<ul>\n<li>Udzielamy indywidualnych konsultacji.<\/li>\n<li>Pomagamy w\u00a0poszukiwaniu partner\u00f3w zagranicznych.<\/li>\n<li>Organizujemy szkolenia i\u00a0warsztaty.<\/li>\n<li>Pomagamy w\u00a0przygotowaniu i\u00a0sk\u0142adaniu wniosk\u00f3w.Z<\/li>\n<li>Pomagamy w\u00a0nale\u017cytym raportowaniu i\u00a0rozliczaniu projekt\u00f3w.<\/li>\n<\/ul>\n<p><strong>Od 1999 roku prowadzimy Regionalny Punkt Kontaktowy Program\u00f3w Badawczych Unii Europejskiej (RPK), wspieraj\u0105c naukowc\u00f3w i\u00a0przedsi\u0119biorc\u00f3w w\u00a0uczestnictwie w\u00a0europejskich projektach badawczych. Dzielimy si\u0119 do\u015bwiadczeniem zdobytym przez nas podczas realizacji kilkudziesi\u0119ciu projekt\u00f3w w\u00a0ramach Program\u00f3w Ramowych UE. W\u00a0strukturach RPK dzia\u0142a tak\u017ce Regionalne Centrum Informacji dla Naukowc\u00f3w (RCIN), kt\u00f3re wspiera mobilno\u015b\u0107 naukowc\u00f3w w\u00a0Europie.<\/strong><\/p>\n<p>&nbsp;<\/p>\n<p><a href=\"https:\/\/wctt.pwr.edu.pl\/pl\/admin\/rpk-list\/\"><img decoding=\"async\" class=\"alignnone wp-image-8096 lazyload\" data-src=\"https:\/\/wctt.pwr.edu.pl\/wp-content\/uploads\/2018\/12\/Button_B-EN.svg\" alt=\"\" width=\"290\" src=\"data:image\/svg+xml;base64,PHN2ZyB3aWR0aD0iMSIgaGVpZ2h0PSIxIiB4bWxucz0iaHR0cDovL3d3dy53My5vcmcvMjAwMC9zdmciPjwvc3ZnPg==\" \/><\/a><\/p>\n<p>&nbsp;<\/p>\n<h3>Interesuj\u0105 Ci\u0119 sta\u017ce i\u00a0stypendia w\u00a0ramach Program\u00f3w Ramowych UE?<\/h3>\n<ul>\n<li>Stypendia. Wspieramy polskich naukowc\u00f3w w\u00a0pozyskaniu zagranicznych stypendi\u00f3w naukowych.<br \/>\n<a href=\"https:\/\/wctt.pwr.edu.pl\/pl\/stypendia\/\">Dowiedz si\u0119 wi\u0119cej<\/a><\/li>\n<li>Centrum Informacji EURAXESS. Wspieramy zagranicznych naukowc\u00f3w przebywaj\u0105cych na sta\u017cach w\u00a0Polsce oraz polskie<br \/>\ninstytucje naukowe przyjmuj\u0105ce zagranicznych badaczy.<\/li>\n<\/ul>\n<div class=\"inner-page-divider\"><\/div>\n<h3>Chcesz rozpocz\u0105\u0107 mi\u0119dzynarodow\u0105 wsp\u00f3\u0142prac\u0119<br \/>\nbadawcz\u0105 w\u00a0ramach Program\u00f3w Ramowych UE?<\/h3>\n<ul>\n<li>Udzielamy indywidualnych konsultacji.<\/li>\n<li>Pomagamy w\u00a0poszukiwaniu partner\u00f3w zagranicznych.<\/li>\n<li>Organizujemy szkolenia i\u00a0warsztaty.<\/li>\n<li>Pomagamy w\u00a0przygotowaniu i\u00a0sk\u0142adaniu wniosk\u00f3w.Z<\/li>\n<li>Pomagamy w\u00a0nale\u017cytym raportowaniu i\u00a0rozliczaniu projekt\u00f3w.<\/li>\n<\/ul>\n<p><strong>Od 1999 roku prowadzili\u015bmy Regionalny Punkt Kontaktowy Program\u00f3w Badawczych Unii Europejskiej (RPK), wspieraj\u0105c naukowc\u00f3w i przedsi\u0119biorc\u00f3w w uczestnictwie w europejskich projektach badawczych.<br \/>\n<\/strong><\/p>\n<p><em><strong>O<\/strong><strong>d 1 stycznia 2022 roku, wsp\u00f3lnie z Politechnik\u0105 \u015al\u0105sk\u0105, w ramach Horyzontalnego Puntu Kontaktowego regionu Polska Po\u0142udniowo-Zachodnia udzielamy\u00a0 konsultacji oraz \u015bwiadczymy us\u0142ugi wspieraj\u0105ce, kt\u00f3re maj\u0105 na celu zwi\u0119kszenie udzia\u0142u naukowc\u00f3w i badaczy z obszaru wojew\u00f3dztwa \u015bl\u0105skiego, opolskiego (obs\u0142uguje Politechnika \u015al\u0105ska) oraz wojew\u00f3dztwa dolno\u015bl\u0105skiego (obs\u0142uguje Politechnika Wroc\u0142awska) w konkursach oraz grantach finansowanych z programu Horyzont Europa. Dzielimy si\u0119 do\u015bwiadczeniem zdobytym podczas realizacji kilkudziesi\u0119ciu projekt\u00f3w Program\u00f3w Ramowych UE. Dzia\u0142alno\u015b\u0107 sieci Horyzontalnych Punkt\u00f3w Kontaktowych finansowana jest przez Narodowe Centrum Bada\u0144 i Rozwoju, a koordynowana przez Dzia\u0142 Krajowego Punktu Kontaktowego: <\/strong><\/em><a href=\"https:\/\/www.kpk.gov.pl\/horyzontalne-punkty-kontaktowe\">https:\/\/www.kpk.gov.pl\/horyzontalne-punkty-kontaktowe<\/a><\/p>\n<p>&nbsp;<\/p>\n<p><a href=\"https:\/\/wctt.pwr.edu.pl\/pl\/admin\/rpk-list\/\"><img decoding=\"async\" class=\"alignnone wp-image-8096 lazyload\" data-src=\"https:\/\/wctt.pwr.edu.pl\/wp-content\/uploads\/2018\/12\/Button_B-EN.svg\" alt=\"\" width=\"290\" src=\"data:image\/svg+xml;base64,PHN2ZyB3aWR0aD0iMSIgaGVpZ2h0PSIxIiB4bWxucz0iaHR0cDovL3d3dy53My5vcmcvMjAwMC9zdmciPjwvc3ZnPg==\" \/><\/a><\/p>\n<div class=\"inner-page-divider\"><\/div>\n<h3>Chcesz rozpocz\u0105\u0107 mi\u0119dzynarodow\u0105 wsp\u00f3\u0142prac\u0119<br \/>\nbadawcz\u0105 w\u00a0ramach Program\u00f3w Ramowych UE?<\/h3>\n<ul>\n<li>Udzielamy indywidualnych konsultacji.<\/li>\n<li>Pomagamy w\u00a0poszukiwaniu partner\u00f3w zagranicznych.<\/li>\n<li>Organizujemy szkolenia i\u00a0warsztaty.<\/li>\n<li>Pomagamy w\u00a0przygotowaniu i\u00a0sk\u0142adaniu wniosk\u00f3w.Z<\/li>\n<li>Pomagamy w\u00a0nale\u017cytym raportowaniu i\u00a0rozliczaniu projekt\u00f3w.<\/li>\n<\/ul>\n<p><strong>Od 1999 roku prowadzimy Regionalny Punkt Kontaktowy Program\u00f3w Badawczych Unii Europejskiej (RPK), wspieraj\u0105c naukowc\u00f3w i\u00a0przedsi\u0119biorc\u00f3w w\u00a0uczestnictwie w\u00a0europejskich projektach badawczych. Dzielimy si\u0119 do\u015bwiadczeniem zdobytym przez nas podczas realizacji kilkudziesi\u0119ciu projekt\u00f3w w\u00a0ramach Program\u00f3w Ramowych UE. W\u00a0strukturach RPK dzia\u0142a tak\u017ce Regionalne Centrum Informacji dla Naukowc\u00f3w (RCIN), kt\u00f3re wspiera mobilno\u015b\u0107 naukowc\u00f3w w\u00a0Europie.<\/strong><\/p>\n<p>&nbsp;<\/p>\n<p><a href=\"https:\/\/wctt.pwr.edu.pl\/pl\/admin\/rpk-list\/\"><img decoding=\"async\" class=\"alignnone wp-image-8096 lazyload\" data-src=\"https:\/\/wctt.pwr.edu.pl\/wp-content\/uploads\/2018\/12\/Button_B-EN.svg\" alt=\"\" width=\"290\" src=\"data:image\/svg+xml;base64,PHN2ZyB3aWR0aD0iMSIgaGVpZ2h0PSIxIiB4bWxucz0iaHR0cDovL3d3dy53My5vcmcvMjAwMC9zdmciPjwvc3ZnPg==\" \/><\/a><\/p>\n<div class=\"inner-page-divider\"><\/div>\n<h3>Chcesz rozpocz\u0105\u0107 mi\u0119dzynarodow\u0105 wsp\u00f3\u0142prac\u0119<br \/>\nbadawcz\u0105 w ramach programu Horyzont Europa?<\/h3>\n<ul>\n<li>Udzielamy indywidualnych konsultacji.<\/li>\n<li>Pomagamy w\u00a0poszukiwaniu partner\u00f3w zagranicznych.<\/li>\n<li>Organizujemy szkolenia i\u00a0warsztaty.<\/li>\n<li>Pomagamy w przygotowaniu i sk\u0142adaniu wniosk\u00f3w.<\/li>\n<li>Pomagamy w\u00a0nale\u017cytym raportowaniu i\u00a0rozliczaniu projekt\u00f3w.<\/li>\n<\/ul>\n<p><strong>Od 1999 roku prowadzimy Regionalny Punkt Kontaktowy Program\u00f3w Badawczych Unii Europejskiej (RPK), wspieraj\u0105c naukowc\u00f3w i\u00a0przedsi\u0119biorc\u00f3w w\u00a0uczestnictwie w\u00a0europejskich projektach badawczych. Dzielimy si\u0119 do\u015bwiadczeniem zdobytym przez nas podczas realizacji kilkudziesi\u0119ciu projekt\u00f3w w\u00a0ramach Program\u00f3w Ramowych UE. W\u00a0strukturach RPK dzia\u0142a tak\u017ce Regionalne Centrum Informacji dla Naukowc\u00f3w (RCIN), kt\u00f3re wspiera mobilno\u015b\u0107 naukowc\u00f3w w\u00a0Europie.<\/strong><\/p>\n<p>&nbsp;<\/p>\n<p><a href=\"https:\/\/wctt.pwr.edu.pl\/pl\/admin\/rpk-list\/\"><img decoding=\"async\" class=\"alignnone wp-image-8096 lazyload\" data-src=\"https:\/\/wctt.pwr.edu.pl\/wp-content\/uploads\/2018\/12\/Button_B-EN.svg\" alt=\"\" width=\"290\" src=\"data:image\/svg+xml;base64,PHN2ZyB3aWR0aD0iMSIgaGVpZ2h0PSIxIiB4bWxucz0iaHR0cDovL3d3dy53My5vcmcvMjAwMC9zdmciPjwvc3ZnPg==\" \/><\/a><\/p>\n<p>&nbsp;<\/p>\n<h3>Interesuj\u0105 Ci\u0119 sta\u017ce i\u00a0stypendia w\u00a0ramach Program\u00f3w Ramowych UE?<\/h3>\n<ul>\n<li>Stypendia. Wspieramy polskich naukowc\u00f3w w\u00a0pozyskaniu zagranicznych stypendi\u00f3w naukowych.<br \/>\n<a href=\"https:\/\/wctt.pwr.edu.pl\/pl\/stypendia\/\">Dowiedz si\u0119 wi\u0119cej<\/a><\/li>\n<li>Centrum Informacji EURAXESS. Wspieramy zagranicznych naukowc\u00f3w przebywaj\u0105cych na sta\u017cach w\u00a0Polsce oraz polskie<br \/>\ninstytucje naukowe przyjmuj\u0105ce zagranicznych badaczy.<\/li>\n<\/ul>\n<div class=\"inner-page-divider\"><\/div>\n<h3>Chcesz rozpocz\u0105\u0107 mi\u0119dzynarodow\u0105 wsp\u00f3\u0142prac\u0119<br \/>\nbadawcz\u0105 w\u00a0ramach Program\u00f3w Ramowych UE?<\/h3>\n<ul>\n<li>Udzielamy indywidualnych konsultacji.<\/li>\n<li>Pomagamy w\u00a0poszukiwaniu partner\u00f3w zagranicznych.<\/li>\n<li>Organizujemy szkolenia i\u00a0warsztaty.<\/li>\n<li>Pomagamy w\u00a0przygotowaniu i\u00a0sk\u0142adaniu wniosk\u00f3w.Z<\/li>\n<li>Pomagamy w\u00a0nale\u017cytym raportowaniu i\u00a0rozliczaniu projekt\u00f3w.<\/li>\n<\/ul>\n<p><strong>Od 1999 roku prowadzimy Regionalny Punkt Kontaktowy Program\u00f3w Badawczych Unii Europejskiej (RPK), wspieraj\u0105c naukowc\u00f3w i\u00a0przedsi\u0119biorc\u00f3w w\u00a0uczestnictwie w\u00a0europejskich projektach badawczych. Dzielimy si\u0119 do\u015bwiadczeniem zdobytym przez nas podczas realizacji kilkudziesi\u0119ciu projekt\u00f3w w\u00a0ramach Program\u00f3w Ramowych UE. W\u00a0strukturach RPK dzia\u0142a tak\u017ce Regionalne Centrum Informacji dla Naukowc\u00f3w (RCIN), kt\u00f3re wspiera mobilno\u015b\u0107 naukowc\u00f3w w\u00a0Europie.<\/strong><\/p>\n<p>&nbsp;<\/p>\n<p><a href=\"https:\/\/wctt.pwr.edu.pl\/pl\/admin\/rpk-list\/\"><img decoding=\"async\" class=\"alignnone wp-image-8096 lazyload\" data-src=\"https:\/\/wctt.pwr.edu.pl\/wp-content\/uploads\/2018\/12\/Button_B-EN.svg\" alt=\"\" width=\"290\" src=\"data:image\/svg+xml;base64,PHN2ZyB3aWR0aD0iMSIgaGVpZ2h0PSIxIiB4bWxucz0iaHR0cDovL3d3dy53My5vcmcvMjAwMC9zdmciPjwvc3ZnPg==\" \/><\/a><\/p>\n<p>&nbsp;<\/p>\n<h3>Interesuj\u0105 Ci\u0119 sta\u017ce i\u00a0stypendia w\u00a0ramach Program\u00f3w Ramowych UE?<\/h3>\n<ul>\n<li>Stypendia. Wspieramy polskich naukowc\u00f3w w\u00a0pozyskaniu zagranicznych stypendi\u00f3w naukowych.<br \/>\n<a href=\"https:\/\/wctt.pwr.edu.pl\/pl\/stypendia\/\">Dowiedz si\u0119 wi\u0119cej<\/a><\/li>\n<li>Centrum Informacji EURAXESS. Wspieramy zagranicznych naukowc\u00f3w przebywaj\u0105cych na sta\u017cach w\u00a0Polsce oraz polskie<br \/>\ninstytucje naukowe przyjmuj\u0105ce zagranicznych badaczy.<\/li>\n<\/ul>\n<div class=\"inner-page-divider\"><\/div>\n<h3>Chcesz rozpocz\u0105\u0107 mi\u0119dzynarodow\u0105 wsp\u00f3\u0142prac\u0119<br \/>\nbadawcz\u0105 w\u00a0ramach Program\u00f3w Ramowych UE?<\/h3>\n<ul>\n<li>Udzielamy indywidualnych konsultacji.<\/li>\n<li>Pomagamy w\u00a0poszukiwaniu partner\u00f3w zagranicznych.<\/li>\n<li>Organizujemy szkolenia i\u00a0warsztaty.<\/li>\n<li>Pomagamy w\u00a0przygotowaniu i\u00a0sk\u0142adaniu wniosk\u00f3w.Z<\/li>\n<li>Pomagamy w\u00a0nale\u017cytym raportowaniu i\u00a0rozliczaniu projekt\u00f3w.<\/li>\n<\/ul>\n<p><\/p>","protected":false},"excerpt":{"rendered":"<p>Od 1999 roku prowadzili\u015bmy Regionalny Punkt Kontaktowy Program\u00f3w Badawczych Unii Europejskiej (RPK), wspieraj\u0105c naukowc\u00f3w i przedsi\u0119biorc\u00f3w w uczestnictwie w europejskich projektach badawczych. Od 1 stycznia 2022 roku, wsp\u00f3lnie z Politechnik\u0105 \u015al\u0105sk\u0105, w ramach Horyzontalnego Puntu Kontaktowego regionu Polska Po\u0142udniowo-Zachodnia udzielamy\u00a0 konsultacji oraz \u015bwiadczymy us\u0142ugi wspieraj\u0105ce, kt\u00f3re maj\u0105 na celu zwi\u0119kszenie udzia\u0142u naukowc\u00f3w i badaczy z<\/p>\n","protected":false},"author":47,"featured_media":0,"parent":700,"menu_order":0,"comment_status":"closed","ping_status":"closed","template":"page-templates\/offers-page-template.php","meta":{"inline_featured_image":false,"_uag_custom_page_level_css":"","footnotes":""},"class_list":["post-711","page","type-page","status-publish","hentry"],"acf":[],"uagb_featured_image_src":{"full":false,"thumbnail":false,"medium":false,"medium_large":false,"large":false,"1536x1536":false,"2048x2048":false},"uagb_author_info":{"display_name":"Magdalena Kasza","author_link":"https:\/\/wctt.pwr.edu.pl\/en\/author\/magkas\/"},"uagb_comment_info":0,"uagb_excerpt":"Od 1999 roku prowadzili\u015bmy Regionalny Punkt Kontaktowy Program\u00f3w Badawczych Unii Europejskiej (RPK), wspieraj\u0105c naukowc\u00f3w i przedsi\u0119biorc\u00f3w w uczestnictwie w europejskich projektach badawczych. Od 1 stycznia 2022 roku, wsp\u00f3lnie z Politechnik\u0105 \u015al\u0105sk\u0105, w ramach Horyzontalnego Puntu Kontaktowego regionu Polska Po\u0142udniowo-Zachodnia udzielamy\u00a0 konsultacji oraz \u015bwiadczymy us\u0142ugi wspieraj\u0105ce, kt\u00f3re maj\u0105 na celu zwi\u0119kszenie udzia\u0142u naukowc\u00f3w i badaczy z","publishpress_future_action":{"enabled":false,"date":"2026-04-24 12:38:31","action":"change-status","newStatus":"draft","terms":[],"taxonomy":"","extraData":[]},"publishpress_future_workflow_manual_trigger":{"enabledWorkflows":[]},"_links":{"self":[{"href":"https:\/\/wctt.pwr.edu.pl\/en\/wp-json\/wp\/v2\/pages\/711","targetHints":{"allow":["GET"]}}],"collection":[{"href":"https:\/\/wctt.pwr.edu.pl\/en\/wp-json\/wp\/v2\/pages"}],"about":[{"href":"https:\/\/wctt.pwr.edu.pl\/en\/wp-json\/wp\/v2\/types\/page"}],"author":[{"embeddable":true,"href":"https:\/\/wctt.pwr.edu.pl\/en\/wp-json\/wp\/v2\/users\/47"}],"replies":[{"embeddable":true,"href":"https:\/\/wctt.pwr.edu.pl\/en\/wp-json\/wp\/v2\/comments?post=711"}],"version-history":[{"count":62,"href":"https:\/\/wctt.pwr.edu.pl\/en\/wp-json\/wp\/v2\/pages\/711\/revisions"}],"predecessor-version":[{"id":52445,"href":"https:\/\/wctt.pwr.edu.pl\/en\/wp-json\/wp\/v2\/pages\/711\/revisions\/52445"}],"up":[{"embeddable":true,"href":"https:\/\/wctt.pwr.edu.pl\/en\/wp-json\/wp\/v2\/pages\/700"}],"wp:attachment":[{"href":"https:\/\/wctt.pwr.edu.pl\/en\/wp-json\/wp\/v2\/media?parent=711"}],"curies":[{"name":"wp","href":"https:\/\/api.w.org\/{rel}","templated":true}]}}