{"id":708,"date":"2018-09-19T12:25:03","date_gmt":"2018-09-19T11:25:03","guid":{"rendered":"https:\/\/wctt.pwr.edu.pl\/?page_id=708"},"modified":"2024-04-26T13:24:30","modified_gmt":"2024-04-26T11:24:30","slug":"miedzynarodowa-wspolpraca-biznesowa","status":"publish","type":"page","link":"https:\/\/wctt.pwr.edu.pl\/en\/oferta-uslugi\/miedzynarodowa-wspolpraca-biznesowa\/","title":{"rendered":"International business cooperation"},"content":{"rendered":"<p><strong>Jeste\u015bmy cz\u0142onkiem Enterprise Europe Network \u2013 najwi\u0119kszej na \u015bwiecie sieci wspierania transferu technologii powo\u0142anej przez Komisj\u0119 Europejsk\u0105, obejmuj\u0105cej ponad 600 organizacji z\u00a060 kraj\u00f3w \u2013 pe\u0142ni\u0105c rol\u0119 koordynatora sieci w\u00a0zachodniej Polsce.<\/strong><\/p>\n<p>&nbsp;<\/p>\n<p><a href=\"https:\/\/wctt.pwr.edu.pl\/admin\/een-list\/\"><img decoding=\"async\" class=\"alignnone wp-image-8096 lazyload\" data-src=\"https:\/\/wctt.pwr.edu.pl\/wp-content\/uploads\/2018\/12\/Button_B-EN.svg\" alt=\"\" width=\"290\" src=\"data:image\/svg+xml;base64,PHN2ZyB3aWR0aD0iMSIgaGVpZ2h0PSIxIiB4bWxucz0iaHR0cDovL3d3dy53My5vcmcvMjAwMC9zdmciPjwvc3ZnPg==\" \/><\/a><\/p>\n<p>&nbsp;<\/p>\n<h3>Dzia\u0142asz lub zamierzasz rozpocz\u0105\u0107 dzia\u0142alno\u015b\u0107 na rynku mi\u0119dzynarodowym?<\/h3>\n<ul>\n<li style=\"list-style-type: none;\">\n<ul>\n<li>Poszukujemy zagranicznych partner\u00f3w handlowych i technologicznych.<br \/>\n<a href=\"https:\/\/wctt.pwr.edu.pl\/pl\/projekty\/enterprise-europe-network-west-poland\/miedzynarodowa-baza-ofert-wspolpracy\/\">Dowiedz si\u0119 wi\u0119cej<\/a><\/li>\n<li>Udzielamy wsparcia w\u00a0negocjacjach handlowych.<\/li>\n<li>Doradzamy ws. funkcjonowania firmy na rynkach zagranicznych.<\/li>\n<li>Organizujemy wyjazdy na misje gospodarcze, targi bran\u017cowe i\u00a0spotkania kooperacyjne<br \/>\n<a href=\"https:\/\/wctt.pwr.edu.pl\/pl\/aktualnosci\/kalendarz-wydarzen\/\">Dowiedz si\u0119 wi\u0119cej<\/a><\/li>\n<li>Promujemy lokalne firmy na rynkach zagranicznych.<\/li>\n<\/ul>\n<\/li>\n<\/ul>\n<ul>\n<li>Oferujemy us\u0142ug\u0119 alert\u00f3w handlowych i technologicznych<br \/>\n<a href=\"https:\/\/wctt.pwr.edu.pl\/pl\/projekty\/enterprise-europe-network-west-poland\/miedzynarodowa-baza-ofert-wspolpracy\/\">Dowiedz si\u0119 wi\u0119cej<\/a><\/li>\n<li>Znajdujemy \u017ar\u00f3d\u0142a finansowania dzia\u0142alno\u015bci innowacyjnej ze \u015brodk\u00f3w unijnych.<\/li>\n<li>Oferujemy pomoc w dost\u0119pie do r\u00f3\u017cnych \u017ar\u00f3de\u0142 finansowania (venture capital, business angels itp.)<\/li>\n<\/ul>\n<div class=\"inner-page-divider\"><\/div>\n<h3>Poszukujesz b\u0105d\u017a dysponujesz now\u0105 technologi\u0105?<\/h3>\n<ul>\n<li>Wykonujemy audyty m.in. w zakresie:\n<ul>\n<li>technologii<\/li>\n<li>wzornictwa<\/li>\n<li>marketingu<\/li>\n<li>innowacji<\/li>\n<li>praw w\u0142asno\u015bci intelektualnej<\/li>\n<\/ul>\n<\/li>\n<li>Dokonujemy analizy potrzeb i\u00a0potencja\u0142u innowacyjnego.<\/li>\n<li>Poszukujemy technologii dost\u0119pnych za granic\u0105, doradzamy w\u00a0ich wyborze i\u00a0zakupie.<\/li>\n<li>Wspieramy komercjalizacj\u0119 rodzimych technologii (doradztwo prawne, analiza popytu, wycena, poszukiwanie nabywc\u00f3w).<\/li>\n<li>Pomagamy chroni\u0107 w\u0142asno\u015b\u0107 intelektualn\u0105 (patenty, znaki towarowe, wzory u\u017cytkowe, licencje itp.).<\/li>\n<li>Udzielamy wsparcia przy negocjowaniu um\u00f3w.<\/li>\n<li>Oferujemy coaching i mentoring ekspert\u00f3w w zakresie zarz\u0105dzania innowacj\u0105.<\/li>\n<\/ul>\n<p><\/p>","protected":false},"excerpt":{"rendered":"<p>Jeste\u015bmy cz\u0142onkiem Enterprise Europe Network \u2013 najwi\u0119kszej na \u015bwiecie sieci wspierania transferu technologii powo\u0142anej przez Komisj\u0119 Europejsk\u0105, obejmuj\u0105cej ponad 600 organizacji z\u00a060 kraj\u00f3w \u2013 pe\u0142ni\u0105c rol\u0119 koordynatora sieci w\u00a0zachodniej Polsce. &nbsp; &nbsp; Dzia\u0142asz lub zamierzasz rozpocz\u0105\u0107 dzia\u0142alno\u015b\u0107 na rynku mi\u0119dzynarodowym? Poszukujemy zagranicznych partner\u00f3w handlowych i technologicznych. Dowiedz si\u0119 wi\u0119cej Udzielamy wsparcia w\u00a0negocjacjach handlowych. Doradzamy ws.<\/p>\n","protected":false},"author":47,"featured_media":0,"parent":700,"menu_order":0,"comment_status":"closed","ping_status":"closed","template":"page-templates\/offers-page-template.php","meta":{"inline_featured_image":false,"_uag_custom_page_level_css":"","footnotes":""},"class_list":["post-708","page","type-page","status-publish","hentry"],"acf":[],"uagb_featured_image_src":{"full":false,"thumbnail":false,"medium":false,"medium_large":false,"large":false,"1536x1536":false,"2048x2048":false},"uagb_author_info":{"display_name":"Magdalena Kasza","author_link":"https:\/\/wctt.pwr.edu.pl\/en\/author\/magkas\/"},"uagb_comment_info":0,"uagb_excerpt":"Jeste\u015bmy cz\u0142onkiem Enterprise Europe Network \u2013 najwi\u0119kszej na \u015bwiecie sieci wspierania transferu technologii powo\u0142anej przez Komisj\u0119 Europejsk\u0105, obejmuj\u0105cej ponad 600 organizacji z\u00a060 kraj\u00f3w \u2013 pe\u0142ni\u0105c rol\u0119 koordynatora sieci w\u00a0zachodniej Polsce. &nbsp; &nbsp; Dzia\u0142asz lub zamierzasz rozpocz\u0105\u0107 dzia\u0142alno\u015b\u0107 na rynku mi\u0119dzynarodowym? Poszukujemy zagranicznych partner\u00f3w handlowych i technologicznych. Dowiedz si\u0119 wi\u0119cej Udzielamy wsparcia w\u00a0negocjacjach handlowych. Doradzamy ws.","publishpress_future_action":{"enabled":false,"date":"2026-04-28 08:47:45","action":"change-status","newStatus":"draft","terms":[],"taxonomy":"","extraData":[]},"publishpress_future_workflow_manual_trigger":{"enabledWorkflows":[]},"_links":{"self":[{"href":"https:\/\/wctt.pwr.edu.pl\/en\/wp-json\/wp\/v2\/pages\/708","targetHints":{"allow":["GET"]}}],"collection":[{"href":"https:\/\/wctt.pwr.edu.pl\/en\/wp-json\/wp\/v2\/pages"}],"about":[{"href":"https:\/\/wctt.pwr.edu.pl\/en\/wp-json\/wp\/v2\/types\/page"}],"author":[{"embeddable":true,"href":"https:\/\/wctt.pwr.edu.pl\/en\/wp-json\/wp\/v2\/users\/47"}],"replies":[{"embeddable":true,"href":"https:\/\/wctt.pwr.edu.pl\/en\/wp-json\/wp\/v2\/comments?post=708"}],"version-history":[{"count":65,"href":"https:\/\/wctt.pwr.edu.pl\/en\/wp-json\/wp\/v2\/pages\/708\/revisions"}],"predecessor-version":[{"id":59407,"href":"https:\/\/wctt.pwr.edu.pl\/en\/wp-json\/wp\/v2\/pages\/708\/revisions\/59407"}],"up":[{"embeddable":true,"href":"https:\/\/wctt.pwr.edu.pl\/en\/wp-json\/wp\/v2\/pages\/700"}],"wp:attachment":[{"href":"https:\/\/wctt.pwr.edu.pl\/en\/wp-json\/wp\/v2\/media?parent=708"}],"curies":[{"name":"wp","href":"https:\/\/api.w.org\/{rel}","templated":true}]}}