{"id":705,"date":"2018-09-19T12:24:17","date_gmt":"2018-09-19T11:24:17","guid":{"rendered":"https:\/\/wctt.pwr.edu.pl\/?page_id=705"},"modified":"2019-03-01T11:58:31","modified_gmt":"2019-03-01T10:58:31","slug":"dzialalnosc-ekspercka","status":"publish","type":"page","link":"https:\/\/wctt.pwr.edu.pl\/en\/oferta-uslugi\/dzialalnosc-ekspercka\/","title":{"rendered":"Expert activity"},"content":{"rendered":"<p><\/p>\n<h3>Prowadzimy dzia\u0142alno\u015b\u0107 eksperck\u0105 obejmuj\u0105c\u0105 zlecenia z\u00a0zakresu<\/h3>\n<ul>\n<li>Realizujemy badania i\u00a0przeprowadzamy analizy.<\/li>\n<li>Opracowujemy strategie i\u00a0inne dokumenty programowe.<\/li>\n<li>Opracowujemy wnioski o\u00a0dofinansowanie projekt\u00f3w i\u00a0studia wykonalno\u015bci.<\/li>\n<li>Przeprowadzamy ewaluacje projekt\u00f3w i\u00a0program\u00f3w.<\/li>\n<\/ul>\n<p><\/p>","protected":false},"excerpt":{"rendered":"<p>Prowadzimy dzia\u0142alno\u015b\u0107 eksperck\u0105 obejmuj\u0105c\u0105 zlecenia z\u00a0zakresu Realizujemy badania i\u00a0przeprowadzamy analizy. Opracowujemy strategie i\u00a0inne dokumenty programowe. Opracowujemy wnioski o\u00a0dofinansowanie projekt\u00f3w i\u00a0studia wykonalno\u015bci. Przeprowadzamy ewaluacje projekt\u00f3w i\u00a0program\u00f3w.<\/p>\n","protected":false},"author":47,"featured_media":0,"parent":700,"menu_order":0,"comment_status":"closed","ping_status":"closed","template":"","meta":{"inline_featured_image":false,"_uag_custom_page_level_css":"","footnotes":""},"class_list":["post-705","page","type-page","status-publish","hentry"],"acf":[],"uagb_featured_image_src":{"full":false,"thumbnail":false,"medium":false,"medium_large":false,"large":false,"1536x1536":false,"2048x2048":false},"uagb_author_info":{"display_name":"Magdalena Kasza","author_link":"https:\/\/wctt.pwr.edu.pl\/en\/author\/magkas\/"},"uagb_comment_info":0,"uagb_excerpt":"Prowadzimy dzia\u0142alno\u015b\u0107 eksperck\u0105 obejmuj\u0105c\u0105 zlecenia z\u00a0zakresu Realizujemy badania i\u00a0przeprowadzamy analizy. Opracowujemy strategie i\u00a0inne dokumenty programowe. Opracowujemy wnioski o\u00a0dofinansowanie projekt\u00f3w i\u00a0studia wykonalno\u015bci. Przeprowadzamy ewaluacje projekt\u00f3w i\u00a0program\u00f3w.","publishpress_future_action":{"enabled":false,"date":"2026-04-21 16:19:31","action":"change-status","newStatus":"draft","terms":[],"taxonomy":"","extraData":[]},"publishpress_future_workflow_manual_trigger":{"enabledWorkflows":[]},"_links":{"self":[{"href":"https:\/\/wctt.pwr.edu.pl\/en\/wp-json\/wp\/v2\/pages\/705","targetHints":{"allow":["GET"]}}],"collection":[{"href":"https:\/\/wctt.pwr.edu.pl\/en\/wp-json\/wp\/v2\/pages"}],"about":[{"href":"https:\/\/wctt.pwr.edu.pl\/en\/wp-json\/wp\/v2\/types\/page"}],"author":[{"embeddable":true,"href":"https:\/\/wctt.pwr.edu.pl\/en\/wp-json\/wp\/v2\/users\/47"}],"replies":[{"embeddable":true,"href":"https:\/\/wctt.pwr.edu.pl\/en\/wp-json\/wp\/v2\/comments?post=705"}],"version-history":[{"count":4,"href":"https:\/\/wctt.pwr.edu.pl\/en\/wp-json\/wp\/v2\/pages\/705\/revisions"}],"predecessor-version":[{"id":12656,"href":"https:\/\/wctt.pwr.edu.pl\/en\/wp-json\/wp\/v2\/pages\/705\/revisions\/12656"}],"up":[{"embeddable":true,"href":"https:\/\/wctt.pwr.edu.pl\/en\/wp-json\/wp\/v2\/pages\/700"}],"wp:attachment":[{"href":"https:\/\/wctt.pwr.edu.pl\/en\/wp-json\/wp\/v2\/media?parent=705"}],"curies":[{"name":"wp","href":"https:\/\/api.w.org\/{rel}","templated":true}]}}