{"id":702,"date":"2018-09-19T12:23:19","date_gmt":"2018-09-19T11:23:19","guid":{"rendered":"https:\/\/wctt.pwr.edu.pl\/?page_id=702"},"modified":"2019-02-26T11:17:31","modified_gmt":"2019-02-26T10:17:31","slug":"akredytowany-osrodek-innowacji","status":"publish","type":"page","link":"https:\/\/wctt.pwr.edu.pl\/en\/oferta-uslugi\/akredytowany-osrodek-innowacji\/","title":{"rendered":"An accredited innovation center"},"content":{"rendered":"<p><strong>Minister Rozwoju i Finans\u00f3w udzieli\u0142 akredytacji Wroc\u0142awskiemu Centrum Transferu Technologii Politechniki Wroc\u0142awskiej w zakresie us\u0142ug doradczych dotycz\u0105cych innowacji.<\/strong><\/p>\n<p>Akredytacja ta uprawnia Centrum do wykonywania us\u0142ug proinnowacyjnych na rzecz przedsi\u0119biorstw, kt\u00f3re uzyskaj\u0105 dofinansowanie swoich projekt\u00f3w w Programie Operacyjnym Inteligentny Rozw\u00f3j w ramach poddzia\u0142ania 2.3.1. \u201eProinnowacyjne us\u0142ugi IOB dla M\u015aP\u201d.<\/p>\n<div class=\"inner-page-divider\"><\/div>\n<p>W ramach POIR 2.3.1 wsparcie udzielane jest w celu zwi\u0119kszenia dost\u0119pno\u015bci specjalistycznych, wysokiej jako\u015bci proinnowacyjnych us\u0142ug, powi\u0105zanych z krajowymi inteligentnymi specjalizacjami \u015bwiadczonymi przez akredytowane O\u015brodki Innowacji.<\/p>\n<p>&nbsp;<\/p>\n<p><strong>Zakres us\u0142ug, oferowanych przez Centrum w ramach akredytacji:<\/strong><\/p>\n<ul style=\"padding-left: 30px;\">\n<li>Audyt innowacyjno\u015bci,<\/li>\n<li>Analiza alternatywnych \u015bcie\u017cek rozwoju poprzez wdra\u017canie innowacji,<\/li>\n<li>Uszczeg\u00f3\u0142owienie i ocena wybranej \u015bcie\u017cki rozwoju zwi\u0105zanej z wdra\u017caniem innowacji,<\/li>\n<li>Przygotowanie szczeg\u00f3\u0142owego modelu finansowego dla opracowywanej lub wdra\u017canej innowacji,<\/li>\n<li>Konsultacja w zakresie selekcji innowacyjnych pomys\u0142\u00f3w,<\/li>\n<li>Poszukiwanie partner\u00f3w do realizacji projekt\u00f3w badawczo-rozwojowych i innowacyjnych,<\/li>\n<li>Poszukiwanie i nawi\u0105zanie kontaktu z dostawc\u0105 lub odbiorc\u0105 innowacyjnej technologii,<\/li>\n<li>Pomoc w procesie przygotowania i przeprowadzenia negocjacji z dostawc\u0105 lub odbiorc\u0105 innowacyjnej technologii,<\/li>\n<li>Pomoc w procesie przygotowania i przeprowadzenia negocjacji z inwestorem w zakresie rozwijania i\/lub wdra\u017cania innowacji,<\/li>\n<li>Doradztwo w procesie przygotowania\/weryfikacji i zawarcia umowy pomi\u0119dzy dostawc\u0105 i odbiorc\u0105 innowacyjnej technologii,<\/li>\n<li>Doradztwo w zarz\u0105dzaniu w\u0142asno\u015bci\u0105 intelektualn\u0105, w tym w zakresie ochrony praw w\u0142asno\u015bci intelektualnej,<br \/>\nbadania stanu techniki i czysto\u015bci patentowej,<\/li>\n<li>Identyfikacja i mapowanie kluczowych proces\u00f3w biznesowych zwi\u0105zanych z wdra\u017caniem innowacji, ich modyfikacja i<\/li>\n<\/ul>\n<ul style=\"padding-left: 30px;\">\n<li>Pomoc w opracowaniu dokumentacji funkcjonalnej\/technicznej niezb\u0119dnej do wdro\u017cenia innowacji,<\/li>\n<li>Opracowanie strategii marketingowej dla wyrobu lub us\u0142ugi b\u0119d\u0105cej przedmiotem wdro\u017cenia innowacyjnej technologii,<\/li>\n<li>Opracowanie szczeg\u00f3\u0142owego planu wdro\u017cenia innowacji,<\/li>\n<li>Analiza ryzyka wdro\u017cenia innowacji,<\/li>\n<li>Doradztwo i pomoc w opracowaniu i wdro\u017ceniu pilota\u017cowym innowacji,<\/li>\n<li>Doradztwo, pomoc i szkolenia w pe\u0142nym wdro\u017ceniu innowacji,<\/li>\n<li>Monitorowanie i ocena efekt\u00f3w wdro\u017cenia innowacji,<\/li>\n<li>Analiza wp\u0142ywu wdro\u017cenia innowacyjnej technologii na \u015brodowisko naturalne,<\/li>\n<li>Doradztwo w zakresie rozwoju zasob\u00f3w ludzkich zwi\u0105zanych z wdra\u017caniem innowacji,<\/li>\n<li>Pozosta\u0142e uzasadnione doradztwo niezb\u0119dne do wdro\u017cenia innowacji technologicznej.<\/li>\n<\/ul>\n<p style=\"font-weight: 400;\">Zapraszamy do wsp\u00f3\u0142pracy wszystkie M\u015aP zainteresowane wymienionymi us\u0142ugami.<\/p>\n<p style=\"font-weight: 400;\"><b><strong>Kontakt:<\/strong><\/b>\u00a0Marcin Jab\u0142o\u0144ski tel. 71\u00a0320 43 39, e-mail:\u00a0<a style=\"font-weight: inherit; font-style: inherit;\" href=\"m&#97;&#x69;&#x6c;&#x74;o&#58;&#109;&#x61;&#x72;c&#105;&#110;&#x2e;&#x6a;ab&#108;&#x6f;&#x6e;&#x73;k&#105;&#x40;&#x70;&#x77;r&#46;&#101;&#x64;&#x75;&#46;&#112;&#108;\">&#109;&#x61;&#x72;c&#105;&#x6e;&#46;&#106;&#x61;b&#108;&#x6f;n&#115;&#x6b;&#x69;&#64;&#x70;&#x77;r&#46;&#x65;d&#117;&#x2e;p&#108;<\/a><\/p>\n<p>&nbsp;<\/p>\n<p><img decoding=\"async\" class=\"alignnone wp-image-765 size-full lazyload\" data-src=\"http:\/\/localhost\/wctt\/wp-content\/uploads\/2018\/09\/offer-img.jpg\" alt=\"\" width=\"503\" height=\"81\" src=\"data:image\/svg+xml;base64,PHN2ZyB3aWR0aD0iMSIgaGVpZ2h0PSIxIiB4bWxucz0iaHR0cDovL3d3dy53My5vcmcvMjAwMC9zdmciPjwvc3ZnPg==\" style=\"--smush-placeholder-width: 503px; --smush-placeholder-aspect-ratio: 503\/81;\" \/><\/p>","protected":false},"excerpt":{"rendered":"<p>Minister Rozwoju i Finans\u00f3w udzieli\u0142 akredytacji Wroc\u0142awskiemu Centrum Transferu Technologii Politechniki Wroc\u0142awskiej w zakresie us\u0142ug doradczych dotycz\u0105cych innowacji. Akredytacja ta uprawnia Centrum do wykonywania us\u0142ug proinnowacyjnych na rzecz przedsi\u0119biorstw, kt\u00f3re uzyskaj\u0105 dofinansowanie swoich projekt\u00f3w w Programie Operacyjnym Inteligentny Rozw\u00f3j w ramach poddzia\u0142ania 2.3.1. \u201eProinnowacyjne us\u0142ugi IOB dla M\u015aP\u201d. W ramach POIR 2.3.1 wsparcie udzielane jest<\/p>\n","protected":false},"author":47,"featured_media":0,"parent":700,"menu_order":0,"comment_status":"closed","ping_status":"closed","template":"","meta":{"inline_featured_image":false,"_uag_custom_page_level_css":"","footnotes":""},"class_list":["post-702","page","type-page","status-publish","hentry"],"acf":[],"uagb_featured_image_src":{"full":false,"thumbnail":false,"medium":false,"medium_large":false,"large":false,"1536x1536":false,"2048x2048":false},"uagb_author_info":{"display_name":"Magdalena Kasza","author_link":"https:\/\/wctt.pwr.edu.pl\/en\/author\/magkas\/"},"uagb_comment_info":0,"uagb_excerpt":"Minister Rozwoju i Finans\u00f3w udzieli\u0142 akredytacji Wroc\u0142awskiemu Centrum Transferu Technologii Politechniki Wroc\u0142awskiej w zakresie us\u0142ug doradczych dotycz\u0105cych innowacji. Akredytacja ta uprawnia Centrum do wykonywania us\u0142ug proinnowacyjnych na rzecz przedsi\u0119biorstw, kt\u00f3re uzyskaj\u0105 dofinansowanie swoich projekt\u00f3w w Programie Operacyjnym Inteligentny Rozw\u00f3j w ramach poddzia\u0142ania 2.3.1. \u201eProinnowacyjne us\u0142ugi IOB dla M\u015aP\u201d. W ramach POIR 2.3.1 wsparcie udzielane jest","publishpress_future_action":{"enabled":false,"date":"2026-04-28 16:19:32","action":"change-status","newStatus":"draft","terms":[],"taxonomy":"","extraData":[]},"publishpress_future_workflow_manual_trigger":{"enabledWorkflows":[]},"_links":{"self":[{"href":"https:\/\/wctt.pwr.edu.pl\/en\/wp-json\/wp\/v2\/pages\/702","targetHints":{"allow":["GET"]}}],"collection":[{"href":"https:\/\/wctt.pwr.edu.pl\/en\/wp-json\/wp\/v2\/pages"}],"about":[{"href":"https:\/\/wctt.pwr.edu.pl\/en\/wp-json\/wp\/v2\/types\/page"}],"author":[{"embeddable":true,"href":"https:\/\/wctt.pwr.edu.pl\/en\/wp-json\/wp\/v2\/users\/47"}],"replies":[{"embeddable":true,"href":"https:\/\/wctt.pwr.edu.pl\/en\/wp-json\/wp\/v2\/comments?post=702"}],"version-history":[{"count":11,"href":"https:\/\/wctt.pwr.edu.pl\/en\/wp-json\/wp\/v2\/pages\/702\/revisions"}],"predecessor-version":[{"id":35757,"href":"https:\/\/wctt.pwr.edu.pl\/en\/wp-json\/wp\/v2\/pages\/702\/revisions\/35757"}],"up":[{"embeddable":true,"href":"https:\/\/wctt.pwr.edu.pl\/en\/wp-json\/wp\/v2\/pages\/700"}],"wp:attachment":[{"href":"https:\/\/wctt.pwr.edu.pl\/en\/wp-json\/wp\/v2\/media?parent=702"}],"curies":[{"name":"wp","href":"https:\/\/api.w.org\/{rel}","templated":true}]}}