{"id":62633,"date":"2025-07-09T14:15:51","date_gmt":"2025-07-09T12:15:51","guid":{"rendered":"https:\/\/wctt.pwr.edu.pl\/?page_id=62633"},"modified":"2025-07-09T14:35:27","modified_gmt":"2025-07-09T12:35:27","slug":"o-projekcie","status":"publish","type":"page","link":"https:\/\/wctt.pwr.edu.pl\/en\/projekty\/inkubator-rozwoju\/o-projekcie\/","title":{"rendered":"About the project &#8211; Inkubator Rozwoju"},"content":{"rendered":"<strong>Projekt \u201eInkubator Innowacyjno\u015bci+\u201d wspiera transfer wynik\u00f3w bada\u0144 naukowych z Politechniki Wroc\u0142awskiej do gospodarki.<\/strong>\r\n\r\n<strong>\r\nW wyniku konkursu przeprowadzonego przez Ministerstwo Nauki i Szkolnictwa Wy\u017cszego w 2016 roku, Politechnika Wroc\u0142awska otrzyma\u0142a \u015brodki na realizacj\u0119 przedsi\u0119wzi\u0119cia pn. \u201eInkubator Innowacyjno\u015bci+\u201d, uzyskuj\u0105c spo\u015br\u00f3d kilkudziesi\u0119ciu uczelni 1. miejsce na li\u015bcie rankingowej dofinansowanych projekt\u00f3w. W panelu oceniaj\u0105cym wnioski projektowe znale\u017ali si\u0119 przedstawiciele Agencji Rozwoju Przemys\u0142u, Polskiej Agencji Rozwoju Przedsi\u0119biorczo\u015bci, Narodowego Centrum Bada\u0144 i Rozwoju oraz Urz\u0119du Patentowego RP.<\/strong>\r\n\r\n<strong>\r\nProjekt jest realizowany przez Wroc\u0142awskie Centrum Transferu Technologii PWr, we wsp\u00f3\u0142pracy z Centrum Wiedzy i Informacji Naukowo-Technicznej PWr i sp\u00f3\u0142k\u0105 celow\u0105 Politechniki Wroc\u0142awskiej (Instytutem Transferu Technologii Sp. z o.o.).<\/strong>\r\n<div class=\"inner-page-divider\"><\/div>\r\n<h3>Naukowcom i doktorantom Politechniki Wroc\u0142awskiej oferujemy:<\/h3>\r\n<ul>\r\n \t<li>pomoc doradcz\u0105 na etapie planowania projekt\u00f3w badawczych w zakresie istniej\u0105cych potrzeb rynku,<\/li>\r\n \t<li>monitoring projekt\u00f3w badawczych i selekcj\u0119 powstaj\u0105cych rezultat\u00f3w,<\/li>\r\n \t<li>ocen\u0119 i warto\u015bciowanie rezultat\u00f3w badawczych poprzez analiz\u0119 mo\u017cliwych zastosowa\u0144, przewag konkurencyjnych, gotowo\u015bci wdro\u017ceniowej, potencja\u0142u rynkowego,<\/li>\r\n \t<li>podnoszenie gotowo\u015bci wdro\u017ceniowej rezultat\u00f3w bada\u0144 (np. testy przedwdro\u017ceniowe, budowa prototyp\u00f3w, badania certyfikacyjne),<\/li>\r\n \t<li>poszukiwanie nabywc\u00f3w rezultat\u00f3w bada\u0144, w tym promocja oferty technologicznej w mediach, udzia\u0142 w targach bran\u017cowych,<\/li>\r\n \t<li>negocjacje warunk\u00f3w transakcyjnych z nabywcami technologii.<\/li>\r\n<\/ul>\r\n<div class=\"inner-page-divider\"><\/div>\r\n<h3>Przedsi\u0119biorcom oferujemy:<\/h3>\r\n<ul>\r\n \t<li>dost\u0119p do przejrzystej oferty badawczej i technologicznej PWr z wygodnym mechanizmem wyszukiwania bada\u0144, laboratori\u00f3w, technologii, patent\u00f3w oraz mo\u017cliwo\u015bci\u0105 bezpo\u015bredniego kontaktu z Punktem Kontaktowym dla przedsi\u0119biorstw,<\/li>\r\n \t<li>mo\u017cliwo\u015b\u0107 sk\u0142adania zapyta\u0144 i propozycji wsp\u00f3\u0142pracy,<\/li>\r\n \t<li>szybk\u0105 informacj\u0119 zwrotn\u0105,<\/li>\r\n \t<li>sprawnie prowadzone negocjacje biznesowe.<\/li>\r\n<\/ul>\r\nProjekt jest wsp\u00f3\u0142finansowany ze \u015brodk\u00f3w Europejskiego Funduszu Rozwoju Regionalnego w ramach programu Ministerstwa Nauki i Szkolnictwa Wy\u017cszego \u201eInkubator Innowacyjno\u015bci+\u201d.\r\n\r\n&nbsp;\r\n\r\n<img decoding=\"async\" class=\"aligncenter wp-image-787 size-full lazyload\" data-src=\"https:\/\/wctt.pwr.edu.pl\/wp-content\/uploads\/2018\/09\/FE_poziom_pl-1_rgb.jpg\" alt=\"\" width=\"825\" height=\"112\" data-srcset=\"https:\/\/wctt.pwr.edu.pl\/wp-content\/uploads\/2018\/09\/FE_poziom_pl-1_rgb.jpg 825w, https:\/\/wctt.pwr.edu.pl\/wp-content\/uploads\/2018\/09\/FE_poziom_pl-1_rgb-300x41.jpg 300w, https:\/\/wctt.pwr.edu.pl\/wp-content\/uploads\/2018\/09\/FE_poziom_pl-1_rgb-768x104.jpg 768w\" data-sizes=\"(max-width: 825px) 100vw, 825px\" src=\"data:image\/svg+xml;base64,PHN2ZyB3aWR0aD0iMSIgaGVpZ2h0PSIxIiB4bWxucz0iaHR0cDovL3d3dy53My5vcmcvMjAwMC9zdmciPjwvc3ZnPg==\" style=\"--smush-placeholder-width: 825px; --smush-placeholder-aspect-ratio: 825\/112;\" \/>\r\n\r\n<\/div>","protected":false},"excerpt":{"rendered":"<p>Projekt \u201eInkubator Innowacyjno\u015bci+\u201d wspiera transfer wynik\u00f3w bada\u0144 naukowych z Politechniki Wroc\u0142awskiej do gospodarki. W wyniku konkursu przeprowadzonego przez Ministerstwo Nauki i Szkolnictwa Wy\u017cszego w 2016 roku, Politechnika Wroc\u0142awska otrzyma\u0142a \u015brodki na realizacj\u0119 przedsi\u0119wzi\u0119cia pn. \u201eInkubator Innowacyjno\u015bci+\u201d, uzyskuj\u0105c spo\u015br\u00f3d kilkudziesi\u0119ciu uczelni 1. miejsce na li\u015bcie rankingowej dofinansowanych projekt\u00f3w. W panelu oceniaj\u0105cym wnioski projektowe znale\u017ali si\u0119 przedstawiciele<\/p>\n","protected":false},"author":47,"featured_media":0,"parent":62593,"menu_order":0,"comment_status":"closed","ping_status":"closed","template":"","meta":{"inline_featured_image":false,"_uag_custom_page_level_css":"","footnotes":""},"class_list":["post-62633","page","type-page","status-publish","hentry"],"acf":[],"uagb_featured_image_src":{"full":false,"thumbnail":false,"medium":false,"medium_large":false,"large":false,"1536x1536":false,"2048x2048":false},"uagb_author_info":{"display_name":"Magdalena Kasza","author_link":"https:\/\/wctt.pwr.edu.pl\/en\/author\/magkas\/"},"uagb_comment_info":0,"uagb_excerpt":"Projekt \u201eInkubator Innowacyjno\u015bci+\u201d wspiera transfer wynik\u00f3w bada\u0144 naukowych z Politechniki Wroc\u0142awskiej do gospodarki. W wyniku konkursu przeprowadzonego przez Ministerstwo Nauki i Szkolnictwa Wy\u017cszego w 2016 roku, Politechnika Wroc\u0142awska otrzyma\u0142a \u015brodki na realizacj\u0119 przedsi\u0119wzi\u0119cia pn. \u201eInkubator Innowacyjno\u015bci+\u201d, uzyskuj\u0105c spo\u015br\u00f3d kilkudziesi\u0119ciu uczelni 1. miejsce na li\u015bcie rankingowej dofinansowanych projekt\u00f3w. W panelu oceniaj\u0105cym wnioski projektowe znale\u017ali si\u0119 przedstawiciele","publishpress_future_action":{"enabled":false,"date":"2026-04-12 13:40:07","action":"change-status","newStatus":"draft","terms":[],"taxonomy":"","extraData":[]},"publishpress_future_workflow_manual_trigger":{"enabledWorkflows":[]},"_links":{"self":[{"href":"https:\/\/wctt.pwr.edu.pl\/en\/wp-json\/wp\/v2\/pages\/62633","targetHints":{"allow":["GET"]}}],"collection":[{"href":"https:\/\/wctt.pwr.edu.pl\/en\/wp-json\/wp\/v2\/pages"}],"about":[{"href":"https:\/\/wctt.pwr.edu.pl\/en\/wp-json\/wp\/v2\/types\/page"}],"author":[{"embeddable":true,"href":"https:\/\/wctt.pwr.edu.pl\/en\/wp-json\/wp\/v2\/users\/47"}],"replies":[{"embeddable":true,"href":"https:\/\/wctt.pwr.edu.pl\/en\/wp-json\/wp\/v2\/comments?post=62633"}],"version-history":[{"count":60,"href":"https:\/\/wctt.pwr.edu.pl\/en\/wp-json\/wp\/v2\/pages\/62633\/revisions"}],"predecessor-version":[{"id":62732,"href":"https:\/\/wctt.pwr.edu.pl\/en\/wp-json\/wp\/v2\/pages\/62633\/revisions\/62732"}],"up":[{"embeddable":true,"href":"https:\/\/wctt.pwr.edu.pl\/en\/wp-json\/wp\/v2\/pages\/62593"}],"wp:attachment":[{"href":"https:\/\/wctt.pwr.edu.pl\/en\/wp-json\/wp\/v2\/media?parent=62633"}],"curies":[{"name":"wp","href":"https:\/\/api.w.org\/{rel}","templated":true}]}}