{"id":569,"date":"2018-08-28T13:19:29","date_gmt":"2018-08-28T12:19:29","guid":{"rendered":"https:\/\/wctt.pwr.edu.pl\/?page_id=569"},"modified":"2023-09-28T11:53:38","modified_gmt":"2023-09-28T09:53:38","slug":"proces-wsparcia-biznesu","status":"publish","type":"page","link":"https:\/\/wctt.pwr.edu.pl\/en\/projekty\/eenwp\/proces-wsparcia-biznesu\/","title":{"rendered":"Business support process"},"content":{"rendered":"<p><\/p>\n<blockquote><p><strong>Je\u017celi chcesz po\u0142\u0105czy\u0107 innowacje ze wzrostem na rynku europejskim poprzez fachowe doradztwo i wsparcie ekspert\u00f3w, jeste\u015b we w\u0142a\u015bciwym miejscu!<\/strong><\/p><\/blockquote>\n<p>Us\u0142ugi \u015bwiadczone przez konsultant\u00f3w WCTT w ramach EEN s\u0105 dla dolno\u015bl\u0105skich firm bezp\u0142atne, w ramach \u015brodk\u00f3w przyznanych na realizacj\u0119 us\u0142ug EEN przez Komisj\u0119 Europejsk\u0105 (60%) i Ministerstwo Rozwoju (40%). Wsparcie uzyskane w ramach wsp\u00f3\u0142pracy z sieci\u0105 EEN nie jest pomoc\u0105 typu de minimis.<\/p>\n<blockquote><p><strong>Enterprise Europe Network to najlepsze miejsce, aby po\u0142\u0105czy\u0107 innowacje ze wzrostem na nowych rynkach poprzez fachowe doradztwo.<\/strong><\/p><\/blockquote>\n<p>Szczeg\u00f3\u0142owy opis &#8211; krok po kroku jak \u015bwiadczymy nasze us\u0142ugi.<\/p>","protected":false},"excerpt":{"rendered":"<p>Je\u017celi chcesz po\u0142\u0105czy\u0107 innowacje ze wzrostem na rynku europejskim poprzez fachowe doradztwo i wsparcie ekspert\u00f3w, jeste\u015b we w\u0142a\u015bciwym miejscu! Us\u0142ugi \u015bwiadczone przez konsultant\u00f3w WCTT w ramach EEN s\u0105 dla dolno\u015bl\u0105skich firm bezp\u0142atne, w ramach \u015brodk\u00f3w przyznanych na realizacj\u0119 us\u0142ug EEN przez Komisj\u0119 Europejsk\u0105 (60%) i Ministerstwo Rozwoju (40%). Wsparcie uzyskane w ramach wsp\u00f3\u0142pracy z sieci\u0105<\/p>\n","protected":false},"author":47,"featured_media":0,"parent":555,"menu_order":0,"comment_status":"closed","ping_status":"closed","template":"","meta":{"inline_featured_image":false,"_uag_custom_page_level_css":"","footnotes":""},"class_list":["post-569","page","type-page","status-publish","hentry"],"acf":[],"uagb_featured_image_src":{"full":false,"thumbnail":false,"medium":false,"medium_large":false,"large":false,"1536x1536":false,"2048x2048":false},"uagb_author_info":{"display_name":"Magdalena Kasza","author_link":"https:\/\/wctt.pwr.edu.pl\/en\/author\/magkas\/"},"uagb_comment_info":0,"uagb_excerpt":"Je\u017celi chcesz po\u0142\u0105czy\u0107 innowacje ze wzrostem na rynku europejskim poprzez fachowe doradztwo i wsparcie ekspert\u00f3w, jeste\u015b we w\u0142a\u015bciwym miejscu! Us\u0142ugi \u015bwiadczone przez konsultant\u00f3w WCTT w ramach EEN s\u0105 dla dolno\u015bl\u0105skich firm bezp\u0142atne, w ramach \u015brodk\u00f3w przyznanych na realizacj\u0119 us\u0142ug EEN przez Komisj\u0119 Europejsk\u0105 (60%) i Ministerstwo Rozwoju (40%). Wsparcie uzyskane w ramach wsp\u00f3\u0142pracy z sieci\u0105","publishpress_future_action":{"enabled":false,"date":"2026-04-21 19:48:36","action":"change-status","newStatus":"draft","terms":[],"taxonomy":"","extraData":[]},"publishpress_future_workflow_manual_trigger":{"enabledWorkflows":[]},"_links":{"self":[{"href":"https:\/\/wctt.pwr.edu.pl\/en\/wp-json\/wp\/v2\/pages\/569","targetHints":{"allow":["GET"]}}],"collection":[{"href":"https:\/\/wctt.pwr.edu.pl\/en\/wp-json\/wp\/v2\/pages"}],"about":[{"href":"https:\/\/wctt.pwr.edu.pl\/en\/wp-json\/wp\/v2\/types\/page"}],"author":[{"embeddable":true,"href":"https:\/\/wctt.pwr.edu.pl\/en\/wp-json\/wp\/v2\/users\/47"}],"replies":[{"embeddable":true,"href":"https:\/\/wctt.pwr.edu.pl\/en\/wp-json\/wp\/v2\/comments?post=569"}],"version-history":[{"count":16,"href":"https:\/\/wctt.pwr.edu.pl\/en\/wp-json\/wp\/v2\/pages\/569\/revisions"}],"predecessor-version":[{"id":55838,"href":"https:\/\/wctt.pwr.edu.pl\/en\/wp-json\/wp\/v2\/pages\/569\/revisions\/55838"}],"up":[{"embeddable":true,"href":"https:\/\/wctt.pwr.edu.pl\/en\/wp-json\/wp\/v2\/pages\/555"}],"wp:attachment":[{"href":"https:\/\/wctt.pwr.edu.pl\/en\/wp-json\/wp\/v2\/media?parent=569"}],"curies":[{"name":"wp","href":"https:\/\/api.w.org\/{rel}","templated":true}]}}