{"id":56304,"date":"2023-12-07T18:25:55","date_gmt":"2023-12-07T17:25:55","guid":{"rendered":"https:\/\/wctt.pwr.edu.pl\/?page_id=56304"},"modified":"2023-12-08T09:53:05","modified_gmt":"2023-12-08T08:53:05","slug":"prof-zw-dr-hab-inz-jan-koch-zalozyciel-i-dyrektor-wctt-w-latach-1995-2016","status":"publish","type":"page","link":"https:\/\/wctt.pwr.edu.pl\/en\/o-nas\/prof-zw-dr-hab-inz-jan-koch-zalozyciel-i-dyrektor-wctt-w-latach-1995-2016\/","title":{"rendered":"(Polski) Prof. zw. dr hab. in\u017c. Jan Koch &#8211; za\u0142o\u017cyciel i dyrektor WCTT w latach 1995-2016"},"content":{"rendered":"\n<div class=\"wp-block-columns is-layout-flex wp-container-core-columns-is-layout-9d6595d7 wp-block-columns-is-layout-flex\">\n<div class=\"wp-block-column is-layout-flow wp-block-column-is-layout-flow\" style=\"flex-basis:70%\">\n<h4 class=\"wp-block-heading\"><em><strong>Biogram profesora Jana Kocha<\/strong><\/em><\/h4>\n\n\n\n<ul class=\"wp-block-list\">\n<li>Prof. zw. dr hab. in\u017c. Jan Koch, dr h.c., absolwent Wydzia\u0142u Mechanicznego Politechniki Wroc\u0142awskiej (1956)<\/li>\n\n\n\n<li>Pracownik naukowy Politechniki Wroc\u0142awskiej (od 1953). Doktorat &#8211; 1964, habilitacja &#8211; 1972; prof. nadzw. &#8211; 1976, prof. zw. 1990<\/li>\n\n\n\n<li>Tw\u00f3rca i kierownik Zak\u0142adu Obrabiarek, Automatyzacji i Organizacji Produkcji (1965-2002)<\/li>\n\n\n\n<li>Prorektor Politechniki Wroc\u0142awskiej (1985-1987)<\/li>\n\n\n\n<li>Dyrektor Instytutu Technologii Maszyn i Automatyzacji Politechniki Wroc\u0142awskiej (1987-1993)<\/li>\n\n\n\n<li>Dziekan Wydzia\u0142u Mechanicznego PWr (1993-2022)<\/li>\n\n\n\n<li>Tw\u00f3rca, organizator i kierownik Centrum Zaawansowanych System\u00f3w Produkcyjnych PWr (1993-2002)<\/li>\n\n\n\n<li>Tw\u00f3rca nowych kierunk\u00f3w studi\u00f3w na PWr &#8211; Automatyka i Robotyka (1990), Zarz\u0105dzanie i In\u017cynieria Produkcji (1997)<\/li>\n\n\n\n<li>Cz\u0142onek Senatu PWr (1981-2002)<\/li>\n\n\n\n<li>Konsultant w Fabryce Automat\u00f3w Tokarskich (1979-1997)<\/li>\n\n\n\n<li>Cz\u0142onek Rady Naukowej Centrum Badawczo-Konstrukcyjnego (1986-1990)<\/li>\n\n\n\n<li>Koordynator Centralnego Programu Bada\u0144 Podstawowych (1986-1990)<\/li>\n\n\n\n<li>Cz\u0142onek Komitetu Bada\u0144 Naukowych z wyboru trzech kadencji (1991-2004)<\/li>\n\n\n\n<li>Cz\u0142onek Rady Fundacji Nauki Polskiej (1997-2000)<\/li>\n\n\n\n<li>Cz\u0142onek Komisji Ekspert\u00f3w Ministerstwa Nauki i Szkolnictwa Wy\u017cszego (1992-1996)<\/li>\n\n\n\n<li>Wsp\u00f3\u0142tw\u00f3rca Wroc\u0142awskiego Parku Technologicznego oraz przewodnicz\u0105cy jego Rady Nadzorczej (1997-2022)<\/li>\n\n\n\n<li>Wyk\u0142adowca na Uniwersytetach w Dre\u017anie (1972-1992) i w Stuttgarcie (1985-2005)<\/li>\n\n\n\n<li>Koordynator i kierownik licznych projekt\u00f3w mi\u0119dzynarodowych &#8211; TEMPUS; projekt\u00f3w w 4,5,6,7 Programach Ramowych Unii Europejskiej. Kierownik projekt\u00f3w w ramach funduszy strukturalnych. Cz\u0142onek Komitetu Integracji oraz Wspierania Ma\u0142ych i \u015arednich Przedsi\u0119biorstw w Komisji Unii Europejskiej (2021-2003)<\/li>\n<\/ul>\n<\/div>\n\n\n\n<div class=\"wp-block-column is-layout-flow wp-block-column-is-layout-flow\"><div class=\"wp-block-image\">\n<figure data-wp-context=\"{&quot;imageId&quot;:&quot;69dd41f8476a8&quot;}\" data-wp-interactive=\"core\/image\" data-wp-key=\"69dd41f8476a8\" class=\"alignright size-full wp-lightbox-container\"><img decoding=\"async\" width=\"619\" height=\"871\" data-wp-class--hide=\"state.isContentHidden\" data-wp-class--show=\"state.isContentVisible\" data-wp-init=\"callbacks.setButtonStyles\" data-wp-on--click=\"actions.showLightbox\" data-wp-on--load=\"callbacks.setButtonStyles\" data-wp-on-window--resize=\"callbacks.setButtonStyles\" data-src=\"https:\/\/wctt.pwr.edu.pl\/wp-content\/uploads\/2023\/10\/prof-04.jpg\" alt=\"Jan Koch\" class=\"wp-image-55921 lazyload\" data-srcset=\"https:\/\/wctt.pwr.edu.pl\/wp-content\/uploads\/2023\/10\/prof-04.jpg 619w, https:\/\/wctt.pwr.edu.pl\/wp-content\/uploads\/2023\/10\/prof-04-213x300.jpg 213w\" data-sizes=\"(max-width: 619px) 100vw, 619px\" src=\"data:image\/svg+xml;base64,PHN2ZyB3aWR0aD0iMSIgaGVpZ2h0PSIxIiB4bWxucz0iaHR0cDovL3d3dy53My5vcmcvMjAwMC9zdmciPjwvc3ZnPg==\" style=\"--smush-placeholder-width: 619px; --smush-placeholder-aspect-ratio: 619\/871;\" \/><button\n\t\t\tclass=\"lightbox-trigger\"\n\t\t\ttype=\"button\"\n\t\t\taria-haspopup=\"dialog\"\n\t\t\taria-label=\"Enlarge\"\n\t\t\tdata-wp-init=\"callbacks.initTriggerButton\"\n\t\t\tdata-wp-on--click=\"actions.showLightbox\"\n\t\t\tdata-wp-style--right=\"state.imageButtonRight\"\n\t\t\tdata-wp-style--top=\"state.imageButtonTop\"\n\t\t>\n\t\t\t<svg xmlns=\"http:\/\/www.w3.org\/2000\/svg\" width=\"12\" height=\"12\" fill=\"none\" viewBox=\"0 0 12 12\">\n\t\t\t\t<path fill=\"#fff\" d=\"M2 0a2 2 0 0 0-2 2v2h1.5V2a.5.5 0 0 1 .5-.5h2V0H2Zm2 10.5H2a.5.5 0 0 1-.5-.5V8H0v2a2 2 0 0 0 2 2h2v-1.5ZM8 12v-1.5h2a.5.5 0 0 0 .5-.5V8H12v2a2 2 0 0 1-2 2H8Zm2-12a2 2 0 0 1 2 2v2h-1.5V2a.5.5 0 0 0-.5-.5H8V0h2Z\" \/>\n\t\t\t<\/svg>\n\t\t<\/button><\/figure>\n<\/div><\/div>\n<\/div>\n\n\n\n<h4 class=\"wp-block-heading\"><em><strong>Dorobek naukowy:<\/strong><\/em><\/h4>\n\n\n\n<ul class=\"wp-block-list\">\n<li>200 publikacji w czasopismach krajowych i zagranicznych<\/li>\n\n\n\n<li>3 ksi\u0105\u017cki, 2 monografie<\/li>\n\n\n\n<li>Promotor 23 prac doktorskich<\/li>\n\n\n\n<li>Recenzent 50 prac doktorskich, habilitacyjnych oraz 15 wniosk\u00f3w do tytu\u0142u profesora<\/li>\n<\/ul>\n\n\n\n<h4 class=\"wp-block-heading\"><strong><em>Odznaczenia:&nbsp;<\/em><\/strong><\/h4>\n\n\n\n<ul class=\"wp-block-list\">\n<li>Medal Komisji Edukacji Narodowej, Z\u0142oty Krzy\u017c Zas\u0142ug<\/li>\n\n\n\n<li>Krzy\u017c Kawalerski (1997) i Oficerski (1998) Orderu Odrodzenia Polski<\/li>\n\n\n\n<li>Z\u0142ota Odznaka oraz Medal Wybitnie Zas\u0142u\u017conego dla Politechniki Wroc\u0142awskiej<\/li>\n\n\n\n<li>Odznaczenia NOT i SIMP<\/li>\n\n\n\n<li>Medal Uniwersytetu Technologicznego w Dre\u017anie (1990)<\/li>\n\n\n\n<li>Doktor honoris causa Politechniki w Szczecinie (2002)<\/li>\n\n\n\n<li>Kryszta\u0142owa Brukselka dla 6 PR Nagroda Ministra Nauki (2004)<\/li>\n\n\n\n<li>Honorowy Z\u0142oty Medal Uniwersytetu w Stuttgarcie (2005)<\/li>\n\n\n\n<li>Dolno\u015bl\u0105ski Gryf za osi\u0105gni\u0119cia w promowaniu akademickiej innowacyjno\u015bci i przedsi\u0119biorczo\u015bci (2009)<\/li>\n\n\n\n<li>Iglica Nagroda Dolno\u015bl\u0105skiej Lo\u017cy BCC (2009)<\/li>\n\n\n\n<li>Medal 100-lecia Uczelni Technicznych we Wroc\u0142awiu 1910-2010<\/li>\n<\/ul>\n\n\n\n<h4 class=\"wp-block-heading\"><strong><em>Linki:<\/em><\/strong><\/h4>\n\n\n\n<ul class=\"wp-block-list\">\n<li><a href=\"https:\/\/pl.wikipedia.org\/wiki\/Jan_Koch\">Wikipedia<\/a><\/li>\n\n\n\n<li><a href=\"https:\/\/pwr.edu.pl\/uczelnia\/aktualnosci\/prof-jan-koch--brak-dzialania-jest-dla-mnie-gorszy-niz-najciezsza-praca-13144.html\">Wywiad: &#8220;Brak dzia\u0142ania jest dla mnie gorszy ni\u017c najci\u0119\u017csza praca&#8221;<\/a><\/li>\n\n\n\n<li><a href=\"https:\/\/pwr.edu.pl\/uczelnia\/aktualnosci\/90-urodziny-prof-jana-kocha-11937.html\">90. urodziny prof. Jana Kocha<\/a><\/li>\n\n\n\n<li><a href=\"https:\/\/pwr.edu.pl\/uczelnia\/aktualnosci\/lists_historia_47-6606.html\">Student w tamtych latach to by\u0142 kto\u015b<\/a><\/li>\n\n\n\n<li><a href=\"https:\/\/pwr.edu.pl\/uczelnia\/aktualnosci\/odznaka-honorowa-za-zaslugi-dla-wynalazczosci-dla-pwr-11039.html\">Odznaka \u201eZa zas\u0142ugi dla Wynalazczo\u015bci\u201d<\/a><\/li>\n\n\n\n<li><a href=\"http:\/\/katalog.nukat.edu.pl\/search\/query?facet_aos_faseta=Koch,+Jan+%281931-+%29&amp;sort=dateNewest&amp;theme=nukat\">NUKAT<\/a><\/li>\n<\/ul>\n","protected":false},"excerpt":{"rendered":"<p>Biogram profesora Jana Kocha Dorobek naukowy: Odznaczenia:&nbsp; Linki:<\/p>\n","protected":false},"author":47,"featured_media":0,"parent":489,"menu_order":0,"comment_status":"closed","ping_status":"closed","template":"","meta":{"inline_featured_image":false,"_uag_custom_page_level_css":"","footnotes":""},"class_list":["post-56304","page","type-page","status-publish","hentry"],"acf":[],"uagb_featured_image_src":{"full":false,"thumbnail":false,"medium":false,"medium_large":false,"large":false,"1536x1536":false,"2048x2048":false},"uagb_author_info":{"display_name":"Magdalena Kasza","author_link":"https:\/\/wctt.pwr.edu.pl\/en\/author\/magkas\/"},"uagb_comment_info":0,"uagb_excerpt":"Biogram profesora Jana Kocha Dorobek naukowy: Odznaczenia:&nbsp; Linki:","publishpress_future_action":{"enabled":false,"date":"2026-04-20 21:20:24","action":"change-status","newStatus":"draft","terms":[],"taxonomy":"","extraData":[]},"publishpress_future_workflow_manual_trigger":{"enabledWorkflows":[]},"_links":{"self":[{"href":"https:\/\/wctt.pwr.edu.pl\/en\/wp-json\/wp\/v2\/pages\/56304","targetHints":{"allow":["GET"]}}],"collection":[{"href":"https:\/\/wctt.pwr.edu.pl\/en\/wp-json\/wp\/v2\/pages"}],"about":[{"href":"https:\/\/wctt.pwr.edu.pl\/en\/wp-json\/wp\/v2\/types\/page"}],"author":[{"embeddable":true,"href":"https:\/\/wctt.pwr.edu.pl\/en\/wp-json\/wp\/v2\/users\/47"}],"replies":[{"embeddable":true,"href":"https:\/\/wctt.pwr.edu.pl\/en\/wp-json\/wp\/v2\/comments?post=56304"}],"version-history":[{"count":14,"href":"https:\/\/wctt.pwr.edu.pl\/en\/wp-json\/wp\/v2\/pages\/56304\/revisions"}],"predecessor-version":[{"id":56389,"href":"https:\/\/wctt.pwr.edu.pl\/en\/wp-json\/wp\/v2\/pages\/56304\/revisions\/56389"}],"up":[{"embeddable":true,"href":"https:\/\/wctt.pwr.edu.pl\/en\/wp-json\/wp\/v2\/pages\/489"}],"wp:attachment":[{"href":"https:\/\/wctt.pwr.edu.pl\/en\/wp-json\/wp\/v2\/media?parent=56304"}],"curies":[{"name":"wp","href":"https:\/\/api.w.org\/{rel}","templated":true}]}}