{"id":557,"date":"2018-08-28T13:13:02","date_gmt":"2018-08-28T12:13:02","guid":{"rendered":"https:\/\/wctt.pwr.edu.pl\/?page_id=557"},"modified":"2025-05-19T13:40:18","modified_gmt":"2025-05-19T11:40:18","slug":"o-projekcie","status":"publish","type":"page","link":"https:\/\/wctt.pwr.edu.pl\/en\/projekty\/eenwp\/o-projekcie\/","title":{"rendered":"About the project"},"content":{"rendered":"<p><strong>Enterprise Europe Network (EEN) to najwi\u0119ksza na \u015bwiecie sie\u0107, wspieraj\u0105ca przedsi\u0119biorc\u00f3w w rozwoju biznesu w wymiarze mi\u0119dzynarodowym. Zrzesza ona ponad 600 organizacji, zatrudniaj\u0105cych ok. 3 tysi\u0119cy konsultant\u00f3w w ponad 60 krajach. EEN obejmuje wszystkie kraje Unii Europejskiej, a tak\u017ce Stany Zjednoczone, Kanad\u0119, Chile, Brazyli\u0119, Chiny, Japoni\u0119, Indie, Szwajcari\u0119, Izrael i wiele innych pa\u0144stw. Pe\u0142na lista kraj\u00f3w obs\u0142ugiwanych przez sie\u0107, dost\u0119pna jest na stronie internetowej: https:\/\/een.ec.europa.eu\/about\/branches.<\/strong><\/p>\n<p>G\u0142\u00f3wnym celem EEN jest wspieranie sektora M\u015aP w rozwoju ich potencja\u0142u innowacyjnego i w internacjonalizacji. Innymi s\u0142owy EEN ma zwi\u0119ksza\u0107 zdolno\u015b\u0107 firm do wychodzenia ze swoimi produktami, us\u0142ugami i technologiami poza granice Polski oraz do wprowadzania zagranicznych produkt\u00f3w, us\u0142ug i technologii na teren naszego kraju.<\/p>\n<div class=\"inner-page-row light-gray-section\">\n<div class=\"inner-page-icon-num-text\">\n<div class=\"icon\"><img decoding=\"async\" class=\"alignnone size-full wp-image-1055 lazyload\" data-src=\"https:\/\/wctt.pwr.edu.pl\/wp-content\/uploads\/2018\/10\/person.png\" alt=\"\" width=\"30\" height=\"30\" src=\"data:image\/svg+xml;base64,PHN2ZyB3aWR0aD0iMSIgaGVpZ2h0PSIxIiB4bWxucz0iaHR0cDovL3d3dy53My5vcmcvMjAwMC9zdmciPjwvc3ZnPg==\" style=\"--smush-placeholder-width: 30px; --smush-placeholder-aspect-ratio: 30\/30;\" \/><\/div>\n<div class=\"num\">3000<\/div>\n<div class=\"text\">KONSULTANT\u00d3W<\/div>\n<\/div>\n<div class=\"inner-page-icon-num-text\">\n<div class=\"icon\"><img decoding=\"async\" class=\"alignnone size-full wp-image-1056 lazyload\" data-src=\"https:\/\/wctt.pwr.edu.pl\/wp-content\/uploads\/2018\/10\/mini-marker.png\" alt=\"\" width=\"17\" height=\"19\" src=\"data:image\/svg+xml;base64,PHN2ZyB3aWR0aD0iMSIgaGVpZ2h0PSIxIiB4bWxucz0iaHR0cDovL3d3dy53My5vcmcvMjAwMC9zdmciPjwvc3ZnPg==\" style=\"--smush-placeholder-width: 17px; --smush-placeholder-aspect-ratio: 17\/19;\" \/><\/div>\n<div class=\"num\">600+<\/div>\n<div class=\"text\">ORGANIZACJI<\/div>\n<\/div>\n<div class=\"inner-page-icon-num-text\">\n<div class=\"icon\"><img decoding=\"async\" class=\"alignnone size-full wp-image-1057 lazyload\" data-src=\"https:\/\/wctt.pwr.edu.pl\/wp-content\/uploads\/2018\/10\/mini-globe.png\" alt=\"\" width=\"16\" height=\"22\" src=\"data:image\/svg+xml;base64,PHN2ZyB3aWR0aD0iMSIgaGVpZ2h0PSIxIiB4bWxucz0iaHR0cDovL3d3dy53My5vcmcvMjAwMC9zdmciPjwvc3ZnPg==\" style=\"--smush-placeholder-width: 16px; --smush-placeholder-aspect-ratio: 16\/22;\" \/><\/div>\n<div class=\"num\">60+<\/div>\n<div class=\"text\">KRAJ\u00d3W<\/div>\n<\/div>\n<\/div>\n<p>\u0141\u0105czymy mi\u0119dzynarodowe do\u015bwiadczenie biznesowe ze znajomo\u015bci\u0105 lokalnych rynk\u00f3w, by wesprze\u0107 M\u015aP w wej\u015bciu na rynki zagraniczne<\/p>\n<div class=\"inner-page-divider\"><\/div>\n<h3>Kim s\u0105 konsultanci EEN?<\/h3>\n<p>&nbsp;<\/p>\n<p>Nasza kadra to do\u015bwiadczeni specjali\u015bci, kt\u00f3rzy posiadaj\u0105 wysokie kwalifikacje oraz wiedz\u0119 p\u0142yn\u0105c\u0105 z wieloletniego do\u015bwiadczenia w ramach wsp\u00f3\u0142pracy zar\u00f3wno z sektorem biznesu jak i nauki, technologii i innowacji. Specjalizuj\u0105 si\u0119 w wielu bran\u017cach, nieustannie rozwijaj\u0105c i aktualizuj\u0105c swoj\u0105 wiedz\u0119 i umiej\u0119tno\u015bci doradcze.<\/p>\n<p>Nasi konsultanci posiadaj\u0105 r\u00f3wnie\u017c doskona\u0142e rozeznanie mi\u0119dzynarodowych rynk\u00f3w, dzi\u0119ki czemu s\u0105 w stanie efektywnie wspiera\u0107 mi\u0119dzynarodow\u0105 wsp\u00f3\u0142prac\u0119 firm w wymiarze handlowym, technologicznym i badawczym.<\/p>\n<p>Tak wysoki poziom kompetencji naszych konsultant\u00f3w jest gwarancj\u0105 jako\u015bci, sprawno\u015bci i skuteczno\u015bci w \u015bwiadczeniu us\u0142ug dostosowanych do potrzeba naszych klient\u00f3w.<strong>Enterprise Europe Network (EEN) to najwi\u0119ksza na \u015bwiecie sie\u0107, wspieraj\u0105ca przedsi\u0119biorc\u00f3w w rozwoju biznesu w wymiarze mi\u0119dzynarodowym. Zrzesza ona ponad 600 organizacji, zatrudniaj\u0105cych ok. 3 tysi\u0119cy konsultant\u00f3w w ponad 60 krajach. EEN obejmuje wszystkie kraje Unii Europejskiej, a tak\u017ce Stany Zjednoczone, Kanad\u0119, Chile, Brazyli\u0119, Chiny, Japoni\u0119, Indie, Szwajcari\u0119, Izrael i wiele innych pa\u0144stw. Pe\u0142na lista kraj\u00f3w obs\u0142ugiwanych przez sie\u0107, dost\u0119pna jest na stronie internetowej: https:\/\/een.ec.europa.eu\/about\/branches.<\/strong><\/p>\n<p>G\u0142\u00f3wnym celem EEN jest wspieranie sektora M\u015aP w rozwoju ich potencja\u0142u innowacyjnego i w internacjonalizacji. Innymi s\u0142owy EEN ma zwi\u0119ksza\u0107 zdolno\u015b\u0107 firm do wychodzenia ze swoimi produktami, us\u0142ugami i technologiami poza granice Polski oraz do wprowadzania zagranicznych produkt\u00f3w, us\u0142ug i technologii na teren naszego kraju.<\/p>\n<div class=\"inner-page-row light-gray-section\">\n<div class=\"inner-page-icon-num-text\">\n<div class=\"icon\"><img decoding=\"async\" class=\"alignnone size-full wp-image-1055 lazyload\" data-src=\"https:\/\/wctt.pwr.edu.pl\/wp-content\/uploads\/2018\/10\/person.png\" alt=\"\" width=\"30\" height=\"30\" src=\"data:image\/svg+xml;base64,PHN2ZyB3aWR0aD0iMSIgaGVpZ2h0PSIxIiB4bWxucz0iaHR0cDovL3d3dy53My5vcmcvMjAwMC9zdmciPjwvc3ZnPg==\" style=\"--smush-placeholder-width: 30px; --smush-placeholder-aspect-ratio: 30\/30;\" \/><\/div>\n<div class=\"num\">3000<\/div>\n<div class=\"text\">KONSULTANT\u00d3W<\/div>\n<\/div>\n<div class=\"inner-page-icon-num-text\">\n<div class=\"icon\"><img decoding=\"async\" class=\"alignnone size-full wp-image-1056 lazyload\" data-src=\"https:\/\/wctt.pwr.edu.pl\/wp-content\/uploads\/2018\/10\/mini-marker.png\" alt=\"\" width=\"17\" height=\"19\" src=\"data:image\/svg+xml;base64,PHN2ZyB3aWR0aD0iMSIgaGVpZ2h0PSIxIiB4bWxucz0iaHR0cDovL3d3dy53My5vcmcvMjAwMC9zdmciPjwvc3ZnPg==\" style=\"--smush-placeholder-width: 17px; --smush-placeholder-aspect-ratio: 17\/19;\" \/><\/div>\n<div class=\"num\">600+<\/div>\n<div class=\"text\">ORGANIZACJI<\/div>\n<\/div>\n<div class=\"inner-page-icon-num-text\">\n<div class=\"icon\"><img decoding=\"async\" class=\"alignnone size-full wp-image-1057 lazyload\" data-src=\"https:\/\/wctt.pwr.edu.pl\/wp-content\/uploads\/2018\/10\/mini-globe.png\" alt=\"\" width=\"16\" height=\"22\" src=\"data:image\/svg+xml;base64,PHN2ZyB3aWR0aD0iMSIgaGVpZ2h0PSIxIiB4bWxucz0iaHR0cDovL3d3dy53My5vcmcvMjAwMC9zdmciPjwvc3ZnPg==\" style=\"--smush-placeholder-width: 16px; --smush-placeholder-aspect-ratio: 16\/22;\" \/><\/div>\n<div class=\"num\">60+<\/div>\n<div class=\"text\">KRAJ\u00d3W<\/div>\n<\/div>\n<\/div>\n<p>\u0141\u0105czymy mi\u0119dzynarodowe do\u015bwiadczenie biznesowe ze znajomo\u015bci\u0105 lokalnych rynk\u00f3w, by wesprze\u0107 M\u015aP w wej\u015bciu na rynki zagraniczne<\/p>","protected":false},"excerpt":{"rendered":"<p>Enterprise Europe Network (EEN) to najwi\u0119ksza na \u015bwiecie sie\u0107, wspieraj\u0105ca przedsi\u0119biorc\u00f3w w rozwoju biznesu w wymiarze mi\u0119dzynarodowym. Zrzesza ona ponad 600 organizacji, zatrudniaj\u0105cych ok. 3 tysi\u0119cy konsultant\u00f3w w ponad 60 krajach. EEN obejmuje wszystkie kraje Unii Europejskiej, a tak\u017ce Stany Zjednoczone, Kanad\u0119, Chile, Brazyli\u0119, Chiny, Japoni\u0119, Indie, Szwajcari\u0119, Izrael i wiele innych pa\u0144stw. Pe\u0142na lista<\/p>\n","protected":false},"author":47,"featured_media":0,"parent":555,"menu_order":0,"comment_status":"closed","ping_status":"closed","template":"","meta":{"inline_featured_image":false,"_uag_custom_page_level_css":"","footnotes":""},"class_list":["post-557","page","type-page","status-publish","hentry"],"acf":[],"uagb_featured_image_src":{"full":false,"thumbnail":false,"medium":false,"medium_large":false,"large":false,"1536x1536":false,"2048x2048":false},"uagb_author_info":{"display_name":"Magdalena Kasza","author_link":"https:\/\/wctt.pwr.edu.pl\/en\/author\/magkas\/"},"uagb_comment_info":0,"uagb_excerpt":"Enterprise Europe Network (EEN) to najwi\u0119ksza na \u015bwiecie sie\u0107, wspieraj\u0105ca przedsi\u0119biorc\u00f3w w rozwoju biznesu w wymiarze mi\u0119dzynarodowym. Zrzesza ona ponad 600 organizacji, zatrudniaj\u0105cych ok. 3 tysi\u0119cy konsultant\u00f3w w ponad 60 krajach. EEN obejmuje wszystkie kraje Unii Europejskiej, a tak\u017ce Stany Zjednoczone, Kanad\u0119, Chile, Brazyli\u0119, Chiny, Japoni\u0119, Indie, Szwajcari\u0119, Izrael i wiele innych pa\u0144stw. Pe\u0142na lista","publishpress_future_action":{"enabled":false,"date":"2026-04-21 19:03:33","action":"change-status","newStatus":"draft","terms":[],"taxonomy":"","extraData":[]},"publishpress_future_workflow_manual_trigger":{"enabledWorkflows":[]},"_links":{"self":[{"href":"https:\/\/wctt.pwr.edu.pl\/en\/wp-json\/wp\/v2\/pages\/557","targetHints":{"allow":["GET"]}}],"collection":[{"href":"https:\/\/wctt.pwr.edu.pl\/en\/wp-json\/wp\/v2\/pages"}],"about":[{"href":"https:\/\/wctt.pwr.edu.pl\/en\/wp-json\/wp\/v2\/types\/page"}],"author":[{"embeddable":true,"href":"https:\/\/wctt.pwr.edu.pl\/en\/wp-json\/wp\/v2\/users\/47"}],"replies":[{"embeddable":true,"href":"https:\/\/wctt.pwr.edu.pl\/en\/wp-json\/wp\/v2\/comments?post=557"}],"version-history":[{"count":37,"href":"https:\/\/wctt.pwr.edu.pl\/en\/wp-json\/wp\/v2\/pages\/557\/revisions"}],"predecessor-version":[{"id":61976,"href":"https:\/\/wctt.pwr.edu.pl\/en\/wp-json\/wp\/v2\/pages\/557\/revisions\/61976"}],"up":[{"embeddable":true,"href":"https:\/\/wctt.pwr.edu.pl\/en\/wp-json\/wp\/v2\/pages\/555"}],"wp:attachment":[{"href":"https:\/\/wctt.pwr.edu.pl\/en\/wp-json\/wp\/v2\/media?parent=557"}],"curies":[{"name":"wp","href":"https:\/\/api.w.org\/{rel}","templated":true}]}}