{"id":53331,"date":"2023-02-02T12:35:22","date_gmt":"2023-02-02T11:35:22","guid":{"rendered":"https:\/\/wctt.pwr.edu.pl\/?page_id=53331"},"modified":"2023-02-02T13:25:31","modified_gmt":"2023-02-02T12:25:31","slug":"zgloszenie-wyjazdz-targi-intec-z-grindtec","status":"publish","type":"page","link":"https:\/\/wctt.pwr.edu.pl\/en\/oferta-uslugi\/miedzynarodowa-wspolpraca-biznesowa\/branzowe-wyjazdy-zagraniczne\/zgloszenie-wyjazdz-targi-intec-z-grindtec\/","title":{"rendered":"(Polski) Zg\u0142oszenie udzia\u0142u we wsp\u00f3lnym wyje\u017adzie na targi Intec\/Z\/GrindTec"},"content":{"rendered":"<p class=\"qtranxs-available-languages-message qtranxs-available-languages-message-en\">Sorry, this entry is only available in <a href=\"https:\/\/wctt.pwr.edu.pl\/pl\/wp-json\/wp\/v2\/pages\/53331\" class=\"qtranxs-available-language-link qtranxs-available-language-link-pl\" title=\"Polski\">Polski<\/a>.<\/p>","protected":false},"excerpt":{"rendered":"<p>Sorry, this entry is only available in Polski.<\/p>\n","protected":false},"author":37,"featured_media":0,"parent":3350,"menu_order":0,"comment_status":"closed","ping_status":"closed","template":"","meta":{"inline_featured_image":false,"_uag_custom_page_level_css":"","footnotes":""},"class_list":["post-53331","page","type-page","status-publish","hentry"],"acf":[],"uagb_featured_image_src":{"full":false,"thumbnail":false,"medium":false,"medium_large":false,"large":false,"1536x1536":false,"2048x2048":false},"uagb_author_info":{"display_name":"Marcin Sucho\u017cebrski","author_link":"https:\/\/wctt.pwr.edu.pl\/en\/author\/marsuc\/"},"uagb_comment_info":0,"uagb_excerpt":"Sorry, this entry is only available in Polski.","publishpress_future_action":{"enabled":false,"date":"2026-04-20 07:44:43","action":"change-status","newStatus":"draft","terms":[],"taxonomy":"","extraData":[]},"publishpress_future_workflow_manual_trigger":{"enabledWorkflows":[]},"_links":{"self":[{"href":"https:\/\/wctt.pwr.edu.pl\/en\/wp-json\/wp\/v2\/pages\/53331","targetHints":{"allow":["GET"]}}],"collection":[{"href":"https:\/\/wctt.pwr.edu.pl\/en\/wp-json\/wp\/v2\/pages"}],"about":[{"href":"https:\/\/wctt.pwr.edu.pl\/en\/wp-json\/wp\/v2\/types\/page"}],"author":[{"embeddable":true,"href":"https:\/\/wctt.pwr.edu.pl\/en\/wp-json\/wp\/v2\/users\/37"}],"replies":[{"embeddable":true,"href":"https:\/\/wctt.pwr.edu.pl\/en\/wp-json\/wp\/v2\/comments?post=53331"}],"version-history":[{"count":0,"href":"https:\/\/wctt.pwr.edu.pl\/en\/wp-json\/wp\/v2\/pages\/53331\/revisions"}],"up":[{"embeddable":true,"href":"https:\/\/wctt.pwr.edu.pl\/en\/wp-json\/wp\/v2\/pages\/3350"}],"wp:attachment":[{"href":"https:\/\/wctt.pwr.edu.pl\/en\/wp-json\/wp\/v2\/media?parent=53331"}],"curies":[{"name":"wp","href":"https:\/\/api.w.org\/{rel}","templated":true}]}}