{"id":517,"date":"2018-08-27T14:43:44","date_gmt":"2018-08-27T13:43:44","guid":{"rendered":"https:\/\/wctt.pwr.edu.pl\/?page_id=517"},"modified":"2025-12-19T08:31:07","modified_gmt":"2025-12-19T07:31:07","slug":"certyfikaty-i-nagrody","status":"publish","type":"page","link":"https:\/\/wctt.pwr.edu.pl\/en\/o-nas\/certyfikaty-i-nagrody\/","title":{"rendered":"Certificates and awards"},"content":{"rendered":"<p><strong>W ci\u0105gu wielu lat dzia\u0142alno\u015bci Wroc\u0142awskie Centrum Transferu Technologii zosta\u0142o uhonorowane wieloma presti\u017cowymi nagrodami i certyfikatami. Wyr\u00f3\u017cnienia te s\u0105 najlepszym \u015bwiadectwem i potwierdzeniem wysokiej jako\u015bci us\u0142ug \u015bwiadczonych przez Centrum<\/strong><\/p>\n<p>&nbsp;<\/p>","protected":false},"excerpt":{"rendered":"<p>W ci\u0105gu wielu lat dzia\u0142alno\u015bci Wroc\u0142awskie Centrum Transferu Technologii zosta\u0142o uhonorowane wieloma presti\u017cowymi nagrodami i certyfikatami. Wyr\u00f3\u017cnienia te s\u0105 najlepszym \u015bwiadectwem i potwierdzeniem wysokiej jako\u015bci us\u0142ug \u015bwiadczonych przez Centrum &nbsp;<\/p>\n","protected":false},"author":47,"featured_media":0,"parent":489,"menu_order":0,"comment_status":"closed","ping_status":"closed","template":"page-templates\/certificates-and-awards-template.php","meta":{"inline_featured_image":false,"_uag_custom_page_level_css":"","footnotes":""},"class_list":["post-517","page","type-page","status-publish","hentry"],"acf":[],"uagb_featured_image_src":{"full":false,"thumbnail":false,"medium":false,"medium_large":false,"large":false,"1536x1536":false,"2048x2048":false},"uagb_author_info":{"display_name":"Magdalena Kasza","author_link":"https:\/\/wctt.pwr.edu.pl\/en\/author\/magkas\/"},"uagb_comment_info":0,"uagb_excerpt":"W ci\u0105gu wielu lat dzia\u0142alno\u015bci Wroc\u0142awskie Centrum Transferu Technologii zosta\u0142o uhonorowane wieloma presti\u017cowymi nagrodami i certyfikatami. Wyr\u00f3\u017cnienia te s\u0105 najlepszym \u015bwiadectwem i potwierdzeniem wysokiej jako\u015bci us\u0142ug \u015bwiadczonych przez Centrum &nbsp;","publishpress_future_action":{"enabled":false,"date":"2026-04-22 23:57:22","action":"change-status","newStatus":"draft","terms":[],"taxonomy":"","extraData":[]},"publishpress_future_workflow_manual_trigger":{"enabledWorkflows":[]},"_links":{"self":[{"href":"https:\/\/wctt.pwr.edu.pl\/en\/wp-json\/wp\/v2\/pages\/517","targetHints":{"allow":["GET"]}}],"collection":[{"href":"https:\/\/wctt.pwr.edu.pl\/en\/wp-json\/wp\/v2\/pages"}],"about":[{"href":"https:\/\/wctt.pwr.edu.pl\/en\/wp-json\/wp\/v2\/types\/page"}],"author":[{"embeddable":true,"href":"https:\/\/wctt.pwr.edu.pl\/en\/wp-json\/wp\/v2\/users\/47"}],"replies":[{"embeddable":true,"href":"https:\/\/wctt.pwr.edu.pl\/en\/wp-json\/wp\/v2\/comments?post=517"}],"version-history":[{"count":52,"href":"https:\/\/wctt.pwr.edu.pl\/en\/wp-json\/wp\/v2\/pages\/517\/revisions"}],"predecessor-version":[{"id":63750,"href":"https:\/\/wctt.pwr.edu.pl\/en\/wp-json\/wp\/v2\/pages\/517\/revisions\/63750"}],"up":[{"embeddable":true,"href":"https:\/\/wctt.pwr.edu.pl\/en\/wp-json\/wp\/v2\/pages\/489"}],"wp:attachment":[{"href":"https:\/\/wctt.pwr.edu.pl\/en\/wp-json\/wp\/v2\/media?parent=517"}],"curies":[{"name":"wp","href":"https:\/\/api.w.org\/{rel}","templated":true}]}}