{"id":1130,"date":"2018-10-17T08:56:57","date_gmt":"2018-10-17T07:56:57","guid":{"rendered":"https:\/\/wctt.pwr.edu.pl\/?page_id=1130"},"modified":"2022-03-04T11:41:25","modified_gmt":"2022-03-04T10:41:25","slug":"szkolenia","status":"publish","type":"page","link":"https:\/\/wctt.pwr.edu.pl\/en\/projekty\/hpk\/szkolenia\/","title":{"rendered":"Training"},"content":{"rendered":"<p>Regionalny Punkt Kontaktowy organizuje szkolenia i warsztaty zwi\u0105zane z tematyk\u0105 programu Horyzont 2020 w szczeg\u00f3lno\u015bci:<\/p>\n<ul>\n<li>nowo og\u0142oszonych konkurs\u00f3w<\/li>\n<li>pisania wniosk\u00f3w<\/li>\n<li>przygotowania sprawozda\u0144 finansowych<\/li>\n<li>finans\u00f3w w projekcie<\/li>\n<li>prawa w\u0142asno\u015bci intelektualnej<\/li>\n<li>rodzaj\u00f3w stypendi\u00f3w dla naukowc\u00f3w<\/li>\n<li>EURAXESS<\/li>\n<\/ul>\n<p>Istnieje mo\u017cliwo\u015b\u0107 zorganizowania szkole\u0144 na zam\u00f3wienie.<\/p>\n<p><a href=\"https:\/\/wctt.pwr.edu.pl\/pl\/events\/szkolenia\/\">Zobacz aktualne szkolenia<\/a><\/p>","protected":false},"excerpt":{"rendered":"<p>Regionalny Punkt Kontaktowy organizuje szkolenia i warsztaty zwi\u0105zane z tematyk\u0105 programu Horyzont 2020 w szczeg\u00f3lno\u015bci: nowo og\u0142oszonych konkurs\u00f3w pisania wniosk\u00f3w przygotowania sprawozda\u0144 finansowych finans\u00f3w w projekcie prawa w\u0142asno\u015bci intelektualnej rodzaj\u00f3w stypendi\u00f3w dla naukowc\u00f3w EURAXESS Istnieje mo\u017cliwo\u015b\u0107 zorganizowania szkole\u0144 na zam\u00f3wienie. Zobacz aktualne szkolenia<\/p>\n","protected":false},"author":47,"featured_media":0,"parent":537,"menu_order":0,"comment_status":"closed","ping_status":"closed","template":"page-templates\/rpk-page-template.php","meta":{"inline_featured_image":false,"_uag_custom_page_level_css":"","footnotes":""},"class_list":["post-1130","page","type-page","status-publish","hentry"],"acf":[],"uagb_featured_image_src":{"full":false,"thumbnail":false,"medium":false,"medium_large":false,"large":false,"1536x1536":false,"2048x2048":false},"uagb_author_info":{"display_name":"Magdalena Kasza","author_link":"https:\/\/wctt.pwr.edu.pl\/en\/author\/magkas\/"},"uagb_comment_info":0,"uagb_excerpt":"Regionalny Punkt Kontaktowy organizuje szkolenia i warsztaty zwi\u0105zane z tematyk\u0105 programu Horyzont 2020 w szczeg\u00f3lno\u015bci: nowo og\u0142oszonych konkurs\u00f3w pisania wniosk\u00f3w przygotowania sprawozda\u0144 finansowych finans\u00f3w w projekcie prawa w\u0142asno\u015bci intelektualnej rodzaj\u00f3w stypendi\u00f3w dla naukowc\u00f3w EURAXESS Istnieje mo\u017cliwo\u015b\u0107 zorganizowania szkole\u0144 na zam\u00f3wienie. Zobacz aktualne szkolenia","publishpress_future_action":{"enabled":false,"date":"2026-04-22 00:21:06","action":"change-status","newStatus":"draft","terms":[],"taxonomy":"","extraData":[]},"publishpress_future_workflow_manual_trigger":{"enabledWorkflows":[]},"_links":{"self":[{"href":"https:\/\/wctt.pwr.edu.pl\/en\/wp-json\/wp\/v2\/pages\/1130","targetHints":{"allow":["GET"]}}],"collection":[{"href":"https:\/\/wctt.pwr.edu.pl\/en\/wp-json\/wp\/v2\/pages"}],"about":[{"href":"https:\/\/wctt.pwr.edu.pl\/en\/wp-json\/wp\/v2\/types\/page"}],"author":[{"embeddable":true,"href":"https:\/\/wctt.pwr.edu.pl\/en\/wp-json\/wp\/v2\/users\/47"}],"replies":[{"embeddable":true,"href":"https:\/\/wctt.pwr.edu.pl\/en\/wp-json\/wp\/v2\/comments?post=1130"}],"version-history":[{"count":7,"href":"https:\/\/wctt.pwr.edu.pl\/en\/wp-json\/wp\/v2\/pages\/1130\/revisions"}],"predecessor-version":[{"id":37447,"href":"https:\/\/wctt.pwr.edu.pl\/en\/wp-json\/wp\/v2\/pages\/1130\/revisions\/37447"}],"up":[{"embeddable":true,"href":"https:\/\/wctt.pwr.edu.pl\/en\/wp-json\/wp\/v2\/pages\/537"}],"wp:attachment":[{"href":"https:\/\/wctt.pwr.edu.pl\/en\/wp-json\/wp\/v2\/media?parent=1130"}],"curies":[{"name":"wp","href":"https:\/\/api.w.org\/{rel}","templated":true}]}}